{"id":6719,"date":"2024-03-18T09:00:25","date_gmt":"2024-03-18T08:00:25","guid":{"rendered":"https:\/\/www.frepat.com\/es\/?page_id=6719"},"modified":"2025-06-17T10:52:09","modified_gmt":"2025-06-17T08:52:09","slug":"coleccion-hexa","status":"publish","type":"page","link":"https:\/\/www.frepat.com\/es\/coleccion-hexa\/","title":{"rendered":"COLECCI\u00d3N HEXA"},"content":{"rendered":"<div class=\"wp-block-image is-style-default\">\n<figure class=\"aligncenter size-full\"><img decoding=\"async\" width=\"2121\" height=\"1500\" src=\"https:\/\/www.frepat.com\/es\/wp-content\/uploads\/sites\/3\/2025\/06\/HEX_collection.png\" alt=\"\" class=\"wp-image-8304\" srcset=\"https:\/\/www.frepat.com\/es\/wp-content\/uploads\/sites\/3\/2025\/06\/HEX_collection.png 2121w, https:\/\/www.frepat.com\/es\/wp-content\/uploads\/sites\/3\/2025\/06\/HEX_collection-300x212.png 300w, https:\/\/www.frepat.com\/es\/wp-content\/uploads\/sites\/3\/2025\/06\/HEX_collection-1024x724.png 1024w, https:\/\/www.frepat.com\/es\/wp-content\/uploads\/sites\/3\/2025\/06\/HEX_collection-768x543.png 768w, https:\/\/www.frepat.com\/es\/wp-content\/uploads\/sites\/3\/2025\/06\/HEX_collection-1536x1086.png 1536w, https:\/\/www.frepat.com\/es\/wp-content\/uploads\/sites\/3\/2025\/06\/HEX_collection-2048x1448.png 2048w, https:\/\/www.frepat.com\/es\/wp-content\/uploads\/sites\/3\/2025\/06\/HEX_collection-600x424.png 600w, https:\/\/www.frepat.com\/es\/wp-content\/uploads\/sites\/3\/2025\/06\/HEX_collection-226x160.png 226w\" sizes=\"(max-width: 2121px) 100vw, 2121px\" \/><\/figure><\/div>\n\n<style>.product-list .classic-grid.archive-listing{width:23.865%;}@media (max-width: 950px) and (min-width: 600px) {.responsive .archive-listing.last, .responsive .archive-listing.first { clear: none;margin-right: 1.5%;}.responsive .classic-grid.archive-listing, .responsive .classic-grid.archive-listing.last { width: 31%; }.responsive .classic-grid.archive-listing:nth-child(3n + 1) { clear: left; }}.product-subcategories .classic-grid.archive-listing{width:23.865%;}@media (max-width: 950px) and (min-width: 600px) {.responsive.product-subcategories .classic-grid.archive-listing { width: 31%;  }}<\/style><div class=\"product-list responsive grid \"  data-ic_ajax_query='{\"post_type\":\"al_product\",\"tax_query\":[{\"taxonomy\":\"al_product-cat\",\"field\":\"term_id\",\"terms\":[\"84\"]}],\"posts_per_page\":10,\"orderby\":\"title\",\"order\":\"ASC\",\"archive_template\":\"grid\"}'>\r\n\r\n<div class=\"archive-listing product-6737 classic-grid publish no-price first\">\r\n\t<a href=\"https:\/\/www.frepat.com\/es\/equipments\/h-ex-banco\/\">\r\n\t\t<div class=\"classic-grid-image-wrapper\"><div class=\"pseudo\"><\/div><div class=\"image\"><img width=\"600\" height=\"600\" src=\"https:\/\/www.frepat.com\/es\/wp-content\/uploads\/sites\/3\/2024\/03\/EX_-600x600.jpg\" class=\"classic-grid-image\" alt=\"H-EX : BANCO\" decoding=\"async\" srcset=\"https:\/\/www.frepat.com\/es\/wp-content\/uploads\/sites\/3\/2024\/03\/EX_-600x600.jpg 600w, https:\/\/www.frepat.com\/es\/wp-content\/uploads\/sites\/3\/2024\/03\/EX_-300x300.jpg 300w, https:\/\/www.frepat.com\/es\/wp-content\/uploads\/sites\/3\/2024\/03\/EX_-150x150.jpg 150w, https:\/\/www.frepat.com\/es\/wp-content\/uploads\/sites\/3\/2024\/03\/EX_-160x160.jpg 160w, https:\/\/www.frepat.com\/es\/wp-content\/uploads\/sites\/3\/2024\/03\/EX_.jpg 750w\" sizes=\"(max-width: 600px) 100vw, 600px\" \/><\/div><\/div>\r\n\t\t<h3 class=\"product-name\">H-EX : BANCO<\/h3>\t\t\t<\/a>\r\n\t<\/div>\r\n\r\n\r\n\r\n<div class=\"archive-listing product-6712 classic-grid publish no-price middle\">\r\n\t<a href=\"https:\/\/www.frepat.com\/es\/equipments\/hexa-banco-jardinera\/\">\r\n\t\t<div class=\"classic-grid-image-wrapper\"><div class=\"pseudo\"><\/div><div class=\"image\"><img width=\"600\" height=\"600\" src=\"https:\/\/www.frepat.com\/es\/wp-content\/uploads\/sites\/3\/2024\/03\/HEXA-600x600.jpg\" class=\"classic-grid-image\" alt=\"HEXA : BANCO\" decoding=\"async\" srcset=\"https:\/\/www.frepat.com\/es\/wp-content\/uploads\/sites\/3\/2024\/03\/HEXA-600x600.jpg 600w, https:\/\/www.frepat.com\/es\/wp-content\/uploads\/sites\/3\/2024\/03\/HEXA-300x300.jpg 300w, https:\/\/www.frepat.com\/es\/wp-content\/uploads\/sites\/3\/2024\/03\/HEXA-150x150.jpg 150w, https:\/\/www.frepat.com\/es\/wp-content\/uploads\/sites\/3\/2024\/03\/HEXA-160x160.jpg 160w, https:\/\/www.frepat.com\/es\/wp-content\/uploads\/sites\/3\/2024\/03\/HEXA.jpg 750w\" sizes=\"(max-width: 600px) 100vw, 600px\" \/><\/div><\/div>\r\n\t\t<h3 class=\"product-name\">HEXA : BANCO<\/h3>\t\t\t<\/a>\r\n\t<\/div>\r\n\r\n\r\n\r\n<div class=\"archive-listing product-6729 classic-grid publish no-price middle\">\r\n\t<a href=\"https:\/\/www.frepat.com\/es\/equipments\/hexa-jardinera\/\">\r\n\t\t<div class=\"classic-grid-image-wrapper\"><div class=\"pseudo\"><\/div><div class=\"image\"><img width=\"600\" height=\"454\" src=\"https:\/\/www.frepat.com\/es\/wp-content\/uploads\/sites\/3\/2024\/03\/JA-HEX_00-600x454.jpg\" class=\"classic-grid-image\" alt=\"HEXA : JARDINERA\" decoding=\"async\" srcset=\"https:\/\/www.frepat.com\/es\/wp-content\/uploads\/sites\/3\/2024\/03\/JA-HEX_00-600x454.jpg 600w, https:\/\/www.frepat.com\/es\/wp-content\/uploads\/sites\/3\/2024\/03\/JA-HEX_00-300x227.jpg 300w, https:\/\/www.frepat.com\/es\/wp-content\/uploads\/sites\/3\/2024\/03\/JA-HEX_00-768x581.jpg 768w, https:\/\/www.frepat.com\/es\/wp-content\/uploads\/sites\/3\/2024\/03\/JA-HEX_00-212x160.jpg 212w, https:\/\/www.frepat.com\/es\/wp-content\/uploads\/sites\/3\/2024\/03\/JA-HEX_00.jpg 931w\" sizes=\"(max-width: 600px) 100vw, 600px\" \/><\/div><\/div>\r\n\t\t<h3 class=\"product-name\">HEXA : JARDINERA<\/h3>\t\t\t<\/a>\r\n\t<\/div>\r\n\r\n\r\n\r\n<div class=\"archive-listing product-8300 classic-grid publish no-price last\">\r\n\t<a href=\"https:\/\/www.frepat.com\/es\/equipments\/yex-banco\/\">\r\n\t\t<div class=\"classic-grid-image-wrapper\"><div class=\"pseudo\"><\/div><div class=\"image\"><img width=\"600\" height=\"600\" src=\"https:\/\/www.frepat.com\/es\/wp-content\/uploads\/sites\/3\/2025\/06\/YEX_-600x600.jpg\" class=\"classic-grid-image\" alt=\"YEX : BANCO\" decoding=\"async\" srcset=\"https:\/\/www.frepat.com\/es\/wp-content\/uploads\/sites\/3\/2025\/06\/YEX_-600x600.jpg 600w, https:\/\/www.frepat.com\/es\/wp-content\/uploads\/sites\/3\/2025\/06\/YEX_-300x300.jpg 300w, https:\/\/www.frepat.com\/es\/wp-content\/uploads\/sites\/3\/2025\/06\/YEX_-150x150.jpg 150w, https:\/\/www.frepat.com\/es\/wp-content\/uploads\/sites\/3\/2025\/06\/YEX_-160x160.jpg 160w, https:\/\/www.frepat.com\/es\/wp-content\/uploads\/sites\/3\/2025\/06\/YEX_.jpg 750w\" sizes=\"(max-width: 600px) 100vw, 600px\" \/><\/div><\/div>\r\n\t\t<h3 class=\"product-name\">YEX : BANCO<\/h3>\t\t\t<\/a>\r\n\t<\/div>\r\n\r\n<div style=\"clear:both\"><\/div><\/div>\n\n\n<div class=\"is-content-justification-right is-layout-flex wp-container-1 wp-block-buttons\">\n<div class=\"wp-block-button\"><a class=\"wp-block-button__link has-background wp-element-button\" href=\"https:\/\/www.frepat.com\/es\/colecciones-frepat\/\" style=\"background-color:#f9423a\">TODAS LAS COLECIIONES<\/a><\/div>\n<\/div>\n\n\n\n<p><\/p>\n","protected":false},"excerpt":{"rendered":"","protected":false},"author":4,"featured_media":0,"parent":0,"menu_order":0,"comment_status":"closed","ping_status":"closed","template":"","meta":{"neve_meta_sidebar":"full-width","neve_meta_container":"","neve_meta_enable_content_width":"on","neve_meta_content_width":80,"neve_meta_title_alignment":"","neve_meta_author_avatar":"","neve_post_elements_order":"","neve_meta_disable_header":"","neve_meta_disable_footer":"","neve_meta_disable_title":"","_themeisle_gutenberg_block_has_review":false},"yoast_head":"<!-- This site is optimized with the Yoast SEO plugin v20.3 - https:\/\/yoast.com\/wordpress\/plugins\/seo\/ -->\n<title>FREPAT &ndash; COLECCI\u00d3N HEXA<\/title>\n<meta name=\"description\" content=\"Bancos redondos de alta calidad y dise\u00f1o moderno para tus espacios p\u00fablicos o privados personaliza tu \u00e1rea recreativa con nuestros modelos\" \/>\n<meta name=\"robots\" content=\"index, follow, max-snippet:-1, max-image-preview:large, max-video-preview:-1\" \/>\n<link rel=\"canonical\" href=\"https:\/\/www.frepat.com\/es\/coleccion-hexa\/\" \/>\n<meta property=\"og:locale\" content=\"es_ES\" \/>\n<meta property=\"og:type\" content=\"article\" \/>\n<meta property=\"og:title\" content=\"FREPAT &ndash; COLECCI\u00d3N HEXA\" \/>\n<meta property=\"og:description\" content=\"Bancos redondos de alta calidad y dise\u00f1o moderno para tus espacios p\u00fablicos o privados personaliza tu \u00e1rea recreativa con nuestros modelos\" \/>\n<meta property=\"og:url\" content=\"https:\/\/www.frepat.com\/es\/coleccion-hexa\/\" \/>\n<meta property=\"og:site_name\" content=\"Frepat Urban, Mobiliario Urbano\" \/>\n<meta property=\"article:publisher\" content=\"https:\/\/www.facebook.com\/frepaturban\/\" \/>\n<meta property=\"article:modified_time\" content=\"2025-06-17T08:52:09+00:00\" \/>\n<meta property=\"og:image\" content=\"https:\/\/www.frepat.com\/es\/wp-content\/uploads\/sites\/3\/2025\/06\/HEX_collection.png\" \/>\n<meta name=\"twitter:card\" content=\"summary_large_image\" \/>\n<meta name=\"twitter:label1\" content=\"Tiempo de lectura\" \/>\n\t<meta name=\"twitter:data1\" content=\"1 minuto\" \/>\n<script type=\"application\/ld+json\" class=\"yoast-schema-graph\">{\"@context\":\"https:\/\/schema.org\",\"@graph\":[{\"@type\":\"WebPage\",\"@id\":\"https:\/\/www.frepat.com\/es\/coleccion-hexa\/\",\"url\":\"https:\/\/www.frepat.com\/es\/coleccion-hexa\/\",\"name\":\"FREPAT &ndash; COLECCI\u00d3N HEXA\",\"isPartOf\":{\"@id\":\"https:\/\/www.frepat.com\/es\/#website\"},\"datePublished\":\"2024-03-18T08:00:25+00:00\",\"dateModified\":\"2025-06-17T08:52:09+00:00\",\"description\":\"Bancos redondos de alta calidad y dise\u00f1o moderno para tus espacios p\u00fablicos o privados personaliza tu \u00e1rea recreativa con nuestros modelos\",\"breadcrumb\":{\"@id\":\"https:\/\/www.frepat.com\/es\/coleccion-hexa\/#breadcrumb\"},\"inLanguage\":\"es\",\"potentialAction\":[{\"@type\":\"ReadAction\",\"target\":[\"https:\/\/www.frepat.com\/es\/coleccion-hexa\/\"]}]},{\"@type\":\"BreadcrumbList\",\"@id\":\"https:\/\/www.frepat.com\/es\/coleccion-hexa\/#breadcrumb\",\"itemListElement\":[{\"@type\":\"ListItem\",\"position\":1,\"name\":\"Portada\",\"item\":\"https:\/\/www.frepat.com\/es\/\"},{\"@type\":\"ListItem\",\"position\":2,\"name\":\"COLECCI\u00d3N HEXA\"}]},{\"@type\":\"WebSite\",\"@id\":\"https:\/\/www.frepat.com\/es\/#website\",\"url\":\"https:\/\/www.frepat.com\/es\/\",\"name\":\"FREPAT URBAN EQUIPMENT\",\"description\":\"Frepat Urban Mobiliario urbano con bancos urbanos, papeleras de exterior, bancos y mesas urbanos, aparca bicis, jardineras.\",\"publisher\":{\"@id\":\"https:\/\/www.frepat.com\/es\/#organization\"},\"alternateName\":\"FREPAT\",\"potentialAction\":[{\"@type\":\"SearchAction\",\"target\":{\"@type\":\"EntryPoint\",\"urlTemplate\":\"https:\/\/www.frepat.com\/es\/?s={search_term_string}\"},\"query-input\":\"required name=search_term_string\"}],\"inLanguage\":\"es\"},{\"@type\":\"Organization\",\"@id\":\"https:\/\/www.frepat.com\/es\/#organization\",\"name\":\"FREPAT URBAN EQUIPMENT\",\"alternateName\":\"FREPAT\",\"url\":\"https:\/\/www.frepat.com\/es\/\",\"logo\":{\"@type\":\"ImageObject\",\"inLanguage\":\"es\",\"@id\":\"https:\/\/www.frepat.com\/es\/#\/schema\/logo\/image\/\",\"url\":\"http:\/\/www.frepat.com\/es\/wp-content\/uploads\/sites\/3\/2023\/03\/cropped-FREPAT_LCMYK-3.jpg\",\"contentUrl\":\"http:\/\/www.frepat.com\/es\/wp-content\/uploads\/sites\/3\/2023\/03\/cropped-FREPAT_LCMYK-3.jpg\",\"width\":512,\"height\":512,\"caption\":\"FREPAT URBAN EQUIPMENT\"},\"image\":{\"@id\":\"https:\/\/www.frepat.com\/es\/#\/schema\/logo\/image\/\"},\"sameAs\":[\"https:\/\/www.facebook.com\/frepaturban\/\",\"https:\/\/www.instagram.com\/frepat_urban_equipment\"]}]}<\/script>\n<!-- \/ Yoast SEO plugin. -->","yoast_head_json":{"title":"FREPAT &ndash; COLECCI\u00d3N HEXA","description":"Bancos redondos de alta calidad y dise\u00f1o moderno para tus espacios p\u00fablicos o privados personaliza tu \u00e1rea recreativa con nuestros modelos","robots":{"index":"index","follow":"follow","max-snippet":"max-snippet:-1","max-image-preview":"max-image-preview:large","max-video-preview":"max-video-preview:-1"},"canonical":"https:\/\/www.frepat.com\/es\/coleccion-hexa\/","og_locale":"es_ES","og_type":"article","og_title":"FREPAT &ndash; COLECCI\u00d3N HEXA","og_description":"Bancos redondos de alta calidad y dise\u00f1o moderno para tus espacios p\u00fablicos o privados personaliza tu \u00e1rea recreativa con nuestros modelos","og_url":"https:\/\/www.frepat.com\/es\/coleccion-hexa\/","og_site_name":"Frepat Urban, Mobiliario Urbano","article_publisher":"https:\/\/www.facebook.com\/frepaturban\/","article_modified_time":"2025-06-17T08:52:09+00:00","og_image":[{"url":"https:\/\/www.frepat.com\/es\/wp-content\/uploads\/sites\/3\/2025\/06\/HEX_collection.png"}],"twitter_card":"summary_large_image","twitter_misc":{"Tiempo de lectura":"1 minuto"},"schema":{"@context":"https:\/\/schema.org","@graph":[{"@type":"WebPage","@id":"https:\/\/www.frepat.com\/es\/coleccion-hexa\/","url":"https:\/\/www.frepat.com\/es\/coleccion-hexa\/","name":"FREPAT &ndash; COLECCI\u00d3N HEXA","isPartOf":{"@id":"https:\/\/www.frepat.com\/es\/#website"},"datePublished":"2024-03-18T08:00:25+00:00","dateModified":"2025-06-17T08:52:09+00:00","description":"Bancos redondos de alta calidad y dise\u00f1o moderno para tus espacios p\u00fablicos o privados personaliza tu \u00e1rea recreativa con nuestros modelos","breadcrumb":{"@id":"https:\/\/www.frepat.com\/es\/coleccion-hexa\/#breadcrumb"},"inLanguage":"es","potentialAction":[{"@type":"ReadAction","target":["https:\/\/www.frepat.com\/es\/coleccion-hexa\/"]}]},{"@type":"BreadcrumbList","@id":"https:\/\/www.frepat.com\/es\/coleccion-hexa\/#breadcrumb","itemListElement":[{"@type":"ListItem","position":1,"name":"Portada","item":"https:\/\/www.frepat.com\/es\/"},{"@type":"ListItem","position":2,"name":"COLECCI\u00d3N HEXA"}]},{"@type":"WebSite","@id":"https:\/\/www.frepat.com\/es\/#website","url":"https:\/\/www.frepat.com\/es\/","name":"FREPAT URBAN EQUIPMENT","description":"Frepat Urban Mobiliario urbano con bancos urbanos, papeleras de exterior, bancos y mesas urbanos, aparca bicis, jardineras.","publisher":{"@id":"https:\/\/www.frepat.com\/es\/#organization"},"alternateName":"FREPAT","potentialAction":[{"@type":"SearchAction","target":{"@type":"EntryPoint","urlTemplate":"https:\/\/www.frepat.com\/es\/?s={search_term_string}"},"query-input":"required name=search_term_string"}],"inLanguage":"es"},{"@type":"Organization","@id":"https:\/\/www.frepat.com\/es\/#organization","name":"FREPAT URBAN EQUIPMENT","alternateName":"FREPAT","url":"https:\/\/www.frepat.com\/es\/","logo":{"@type":"ImageObject","inLanguage":"es","@id":"https:\/\/www.frepat.com\/es\/#\/schema\/logo\/image\/","url":"http:\/\/www.frepat.com\/es\/wp-content\/uploads\/sites\/3\/2023\/03\/cropped-FREPAT_LCMYK-3.jpg","contentUrl":"http:\/\/www.frepat.com\/es\/wp-content\/uploads\/sites\/3\/2023\/03\/cropped-FREPAT_LCMYK-3.jpg","width":512,"height":512,"caption":"FREPAT URBAN EQUIPMENT"},"image":{"@id":"https:\/\/www.frepat.com\/es\/#\/schema\/logo\/image\/"},"sameAs":["https:\/\/www.facebook.com\/frepaturban\/","https:\/\/www.instagram.com\/frepat_urban_equipment"]}]}},"_links":{"self":[{"href":"https:\/\/www.frepat.com\/es\/wp-json\/wp\/v2\/pages\/6719"}],"collection":[{"href":"https:\/\/www.frepat.com\/es\/wp-json\/wp\/v2\/pages"}],"about":[{"href":"https:\/\/www.frepat.com\/es\/wp-json\/wp\/v2\/types\/page"}],"author":[{"embeddable":true,"href":"https:\/\/www.frepat.com\/es\/wp-json\/wp\/v2\/users\/4"}],"replies":[{"embeddable":true,"href":"https:\/\/www.frepat.com\/es\/wp-json\/wp\/v2\/comments?post=6719"}],"version-history":[{"count":4,"href":"https:\/\/www.frepat.com\/es\/wp-json\/wp\/v2\/pages\/6719\/revisions"}],"predecessor-version":[{"id":8317,"href":"https:\/\/www.frepat.com\/es\/wp-json\/wp\/v2\/pages\/6719\/revisions\/8317"}],"wp:attachment":[{"href":"https:\/\/www.frepat.com\/es\/wp-json\/wp\/v2\/media?parent=6719"}],"curies":[{"name":"wp","href":"https:\/\/api.w.org\/{rel}","templated":true}]}}