{"id":5230,"date":"2022-12-19T13:17:34","date_gmt":"2022-12-19T12:17:34","guid":{"rendered":"https:\/\/www.frepat.com\/es\/?page_id=5230"},"modified":"2024-05-16T12:54:49","modified_gmt":"2024-05-16T10:54:49","slug":"coleccion-modulo","status":"publish","type":"page","link":"https:\/\/www.frepat.com\/es\/coleccion-modulo\/","title":{"rendered":"COLECCI\u00d3N MODULO"},"content":{"rendered":"<div class=\"wp-block-image\">\n<figure class=\"aligncenter size-full\"><img decoding=\"async\" width=\"2000\" height=\"304\" src=\"https:\/\/www.frepat.com\/es\/wp-content\/uploads\/sites\/3\/2024\/04\/MODULO_collection2.jpg\" alt=\"\" class=\"wp-image-6845\" srcset=\"https:\/\/www.frepat.com\/es\/wp-content\/uploads\/sites\/3\/2024\/04\/MODULO_collection2.jpg 2000w, https:\/\/www.frepat.com\/es\/wp-content\/uploads\/sites\/3\/2024\/04\/MODULO_collection2-300x46.jpg 300w, https:\/\/www.frepat.com\/es\/wp-content\/uploads\/sites\/3\/2024\/04\/MODULO_collection2-1024x156.jpg 1024w, https:\/\/www.frepat.com\/es\/wp-content\/uploads\/sites\/3\/2024\/04\/MODULO_collection2-768x117.jpg 768w, https:\/\/www.frepat.com\/es\/wp-content\/uploads\/sites\/3\/2024\/04\/MODULO_collection2-1536x233.jpg 1536w, https:\/\/www.frepat.com\/es\/wp-content\/uploads\/sites\/3\/2024\/04\/MODULO_collection2-600x91.jpg 600w, https:\/\/www.frepat.com\/es\/wp-content\/uploads\/sites\/3\/2024\/04\/MODULO_collection2-280x43.jpg 280w\" sizes=\"(max-width: 2000px) 100vw, 2000px\" \/><\/figure><\/div>\n\n<style>.product-list .classic-grid.archive-listing{width:23.865%;}@media (max-width: 950px) and (min-width: 600px) {.responsive .archive-listing.last, .responsive .archive-listing.first { clear: none;margin-right: 1.5%;}.responsive .classic-grid.archive-listing, .responsive .classic-grid.archive-listing.last { width: 31%; }.responsive .classic-grid.archive-listing:nth-child(3n + 1) { clear: left; }}.product-subcategories .classic-grid.archive-listing{width:23.865%;}@media (max-width: 950px) and (min-width: 600px) {.responsive.product-subcategories .classic-grid.archive-listing { width: 31%;  }}<\/style><div class=\"product-list responsive grid \"  data-ic_ajax_query='{\"post_type\":\"al_product\",\"tax_query\":[{\"taxonomy\":\"al_product-cat\",\"field\":\"term_id\",\"terms\":[\"26\"]}],\"posts_per_page\":50,\"orderby\":\"title\",\"order\":\"ASC\",\"archive_template\":\"grid\"}'>\r\n\r\n<div class=\"archive-listing product-6841 classic-grid publish no-price first\">\r\n\t<a href=\"https:\/\/www.frepat.com\/es\/equipments\/dune-banco\/\">\r\n\t\t<div class=\"classic-grid-image-wrapper\"><div class=\"pseudo\"><\/div><div class=\"image\"><img width=\"600\" height=\"600\" src=\"https:\/\/www.frepat.com\/es\/wp-content\/uploads\/sites\/3\/2024\/04\/DUNE_EN-600x600.jpg\" class=\"classic-grid-image\" alt=\"DUNE: BANCO\" decoding=\"async\" srcset=\"https:\/\/www.frepat.com\/es\/wp-content\/uploads\/sites\/3\/2024\/04\/DUNE_EN-600x600.jpg 600w, https:\/\/www.frepat.com\/es\/wp-content\/uploads\/sites\/3\/2024\/04\/DUNE_EN-300x300.jpg 300w, https:\/\/www.frepat.com\/es\/wp-content\/uploads\/sites\/3\/2024\/04\/DUNE_EN-150x150.jpg 150w, https:\/\/www.frepat.com\/es\/wp-content\/uploads\/sites\/3\/2024\/04\/DUNE_EN-160x160.jpg 160w, https:\/\/www.frepat.com\/es\/wp-content\/uploads\/sites\/3\/2024\/04\/DUNE_EN.jpg 750w\" sizes=\"(max-width: 600px) 100vw, 600px\" \/><\/div><\/div>\r\n\t\t<h3 class=\"product-name\">DUNE: BANCO<\/h3>\t\t\t<\/a>\r\n\t<\/div>\r\n\r\n\r\n\r\n<div class=\"archive-listing product-3233 classic-grid publish no-price middle\">\r\n\t<a href=\"https:\/\/www.frepat.com\/es\/equipments\/modulo-bancos-jardinera\/\">\r\n\t\t<div class=\"classic-grid-image-wrapper\"><div class=\"pseudo\"><\/div><div class=\"image\"><img width=\"600\" height=\"600\" src=\"https:\/\/www.frepat.com\/es\/wp-content\/uploads\/sites\/3\/2021\/05\/BCJA-MOD.jpg\" class=\"classic-grid-image\" alt=\"MODULO : BANCOS &#038; JARDINERAS\" decoding=\"async\" srcset=\"https:\/\/www.frepat.com\/es\/wp-content\/uploads\/sites\/3\/2021\/05\/BCJA-MOD.jpg 600w, https:\/\/www.frepat.com\/es\/wp-content\/uploads\/sites\/3\/2021\/05\/BCJA-MOD-300x300.jpg 300w, https:\/\/www.frepat.com\/es\/wp-content\/uploads\/sites\/3\/2021\/05\/BCJA-MOD-150x150.jpg 150w, https:\/\/www.frepat.com\/es\/wp-content\/uploads\/sites\/3\/2021\/05\/BCJA-MOD-160x160.jpg 160w\" sizes=\"(max-width: 600px) 100vw, 600px\" \/><\/div><\/div>\r\n\t\t<h3 class=\"product-name\">MODULO : BANCOS &#038; JARDINERAS<\/h3>\t\t\t<\/a>\r\n\t<\/div>\r\n\r\n\r\n\r\n<div class=\"archive-listing product-5405 classic-grid publish no-price middle\">\r\n\t<a href=\"https:\/\/www.frepat.com\/es\/equipments\/modulo-bancos-jardineras-xl\/\">\r\n\t\t<div class=\"classic-grid-image-wrapper\"><div class=\"pseudo\"><\/div><div class=\"image\"><img width=\"600\" height=\"600\" src=\"https:\/\/www.frepat.com\/es\/wp-content\/uploads\/sites\/3\/2023\/02\/BC-MOD_xl.jpg\" class=\"classic-grid-image\" alt=\"MODULO : BANCOS &#038; JARDINERAS XL\" decoding=\"async\" srcset=\"https:\/\/www.frepat.com\/es\/wp-content\/uploads\/sites\/3\/2023\/02\/BC-MOD_xl.jpg 600w, https:\/\/www.frepat.com\/es\/wp-content\/uploads\/sites\/3\/2023\/02\/BC-MOD_xl-300x300.jpg 300w, https:\/\/www.frepat.com\/es\/wp-content\/uploads\/sites\/3\/2023\/02\/BC-MOD_xl-150x150.jpg 150w, https:\/\/www.frepat.com\/es\/wp-content\/uploads\/sites\/3\/2023\/02\/BC-MOD_xl-160x160.jpg 160w\" sizes=\"(max-width: 600px) 100vw, 600px\" \/><\/div><\/div>\r\n\t\t<h3 class=\"product-name\">MODULO : BANCOS &#038; JARDINERAS XL<\/h3>\t\t\t<\/a>\r\n\t<\/div>\r\n\r\n\r\n\r\n<div class=\"archive-listing product-5238 classic-grid publish no-price last\">\r\n\t<a href=\"https:\/\/www.frepat.com\/es\/equipments\/modulo-circ-bancos-jardineras\/\">\r\n\t\t<div class=\"classic-grid-image-wrapper\"><div class=\"pseudo\"><\/div><div class=\"image\"><img width=\"600\" height=\"600\" src=\"https:\/\/www.frepat.com\/es\/wp-content\/uploads\/sites\/3\/2022\/12\/MODULOS-CIR.jpg\" class=\"classic-grid-image\" alt=\"MODULO CIRC : BANCOS &#038; JARDINERAS\" decoding=\"async\" srcset=\"https:\/\/www.frepat.com\/es\/wp-content\/uploads\/sites\/3\/2022\/12\/MODULOS-CIR.jpg 600w, https:\/\/www.frepat.com\/es\/wp-content\/uploads\/sites\/3\/2022\/12\/MODULOS-CIR-300x300.jpg 300w, https:\/\/www.frepat.com\/es\/wp-content\/uploads\/sites\/3\/2022\/12\/MODULOS-CIR-150x150.jpg 150w, https:\/\/www.frepat.com\/es\/wp-content\/uploads\/sites\/3\/2022\/12\/MODULOS-CIR-160x160.jpg 160w\" sizes=\"(max-width: 600px) 100vw, 600px\" \/><\/div><\/div>\r\n\t\t<h3 class=\"product-name\">MODULO CIRC : BANCOS &#038; JARDINERAS<\/h3>\t\t\t<\/a>\r\n\t<\/div>\r\n\r\n<div style=\"clear:both\"><\/div><\/div>\n\n\n<div class=\"is-content-justification-right is-layout-flex wp-container-1 wp-block-buttons\">\n<div class=\"wp-block-button\"><a class=\"wp-block-button__link has-background wp-element-button\" href=\"https:\/\/www.frepat.com\/es\/colecciones-frepat\/\" style=\"background-color:#f9423a\">TODAS LAS COLECCIONES<\/a><\/div>\n<\/div>\n","protected":false},"excerpt":{"rendered":"","protected":false},"author":3,"featured_media":5232,"parent":0,"menu_order":0,"comment_status":"closed","ping_status":"closed","template":"","meta":{"neve_meta_sidebar":"full-width","neve_meta_container":"","neve_meta_enable_content_width":"on","neve_meta_content_width":80,"neve_meta_title_alignment":"","neve_meta_author_avatar":"","neve_post_elements_order":"","neve_meta_disable_header":"","neve_meta_disable_footer":"","neve_meta_disable_title":"","_themeisle_gutenberg_block_has_review":false},"yoast_head":"<!-- This site is optimized with the Yoast SEO plugin v20.3 - https:\/\/yoast.com\/wordpress\/plugins\/seo\/ -->\n<title>FREPAT &ndash; COLECCI\u00d3N MODULO<\/title>\n<meta name=\"description\" content=\"Bancos y jardineras XL de alta calidad y dise\u00f1os \u00fanicos para tus espacios exteriores. Personaliza tu jard\u00edn o parque.\" \/>\n<meta name=\"robots\" content=\"index, follow, max-snippet:-1, max-image-preview:large, max-video-preview:-1\" \/>\n<link rel=\"canonical\" href=\"https:\/\/www.frepat.com\/es\/coleccion-modulo\/\" \/>\n<meta property=\"og:locale\" content=\"es_ES\" \/>\n<meta property=\"og:type\" content=\"article\" \/>\n<meta property=\"og:title\" content=\"FREPAT &ndash; COLECCI\u00d3N MODULO\" \/>\n<meta property=\"og:description\" content=\"Bancos y jardineras XL de alta calidad y dise\u00f1os \u00fanicos para tus espacios exteriores. Personaliza tu jard\u00edn o parque.\" \/>\n<meta property=\"og:url\" content=\"https:\/\/www.frepat.com\/es\/coleccion-modulo\/\" \/>\n<meta property=\"og:site_name\" content=\"Frepat Urban, Mobiliario Urbano\" \/>\n<meta property=\"article:publisher\" content=\"https:\/\/www.facebook.com\/frepaturban\/\" \/>\n<meta property=\"article:modified_time\" content=\"2024-05-16T10:54:49+00:00\" \/>\n<meta property=\"og:image\" content=\"https:\/\/www.frepat.com\/es\/wp-content\/uploads\/sites\/3\/2022\/12\/MODULOS-CIR.jpg\" \/>\n\t<meta property=\"og:image:width\" content=\"600\" \/>\n\t<meta property=\"og:image:height\" content=\"600\" \/>\n\t<meta property=\"og:image:type\" content=\"image\/jpeg\" \/>\n<meta name=\"twitter:card\" content=\"summary_large_image\" \/>\n<meta name=\"twitter:label1\" content=\"Tiempo de lectura\" \/>\n\t<meta name=\"twitter:data1\" content=\"1 minuto\" \/>\n<script type=\"application\/ld+json\" class=\"yoast-schema-graph\">{\"@context\":\"https:\/\/schema.org\",\"@graph\":[{\"@type\":\"WebPage\",\"@id\":\"https:\/\/www.frepat.com\/es\/coleccion-modulo\/\",\"url\":\"https:\/\/www.frepat.com\/es\/coleccion-modulo\/\",\"name\":\"FREPAT &ndash; COLECCI\u00d3N MODULO\",\"isPartOf\":{\"@id\":\"https:\/\/www.frepat.com\/es\/#website\"},\"datePublished\":\"2022-12-19T12:17:34+00:00\",\"dateModified\":\"2024-05-16T10:54:49+00:00\",\"description\":\"Bancos y jardineras XL de alta calidad y dise\u00f1os \u00fanicos para tus espacios exteriores. Personaliza tu jard\u00edn o parque.\",\"breadcrumb\":{\"@id\":\"https:\/\/www.frepat.com\/es\/coleccion-modulo\/#breadcrumb\"},\"inLanguage\":\"es\",\"potentialAction\":[{\"@type\":\"ReadAction\",\"target\":[\"https:\/\/www.frepat.com\/es\/coleccion-modulo\/\"]}]},{\"@type\":\"BreadcrumbList\",\"@id\":\"https:\/\/www.frepat.com\/es\/coleccion-modulo\/#breadcrumb\",\"itemListElement\":[{\"@type\":\"ListItem\",\"position\":1,\"name\":\"Portada\",\"item\":\"https:\/\/www.frepat.com\/es\/\"},{\"@type\":\"ListItem\",\"position\":2,\"name\":\"COLECCI\u00d3N MODULO\"}]},{\"@type\":\"WebSite\",\"@id\":\"https:\/\/www.frepat.com\/es\/#website\",\"url\":\"https:\/\/www.frepat.com\/es\/\",\"name\":\"FREPAT URBAN EQUIPMENT\",\"description\":\"Frepat Urban Mobiliario urbano con bancos urbanos, papeleras de exterior, bancos y mesas urbanos, aparca bicis, jardineras.\",\"publisher\":{\"@id\":\"https:\/\/www.frepat.com\/es\/#organization\"},\"alternateName\":\"FREPAT\",\"potentialAction\":[{\"@type\":\"SearchAction\",\"target\":{\"@type\":\"EntryPoint\",\"urlTemplate\":\"https:\/\/www.frepat.com\/es\/?s={search_term_string}\"},\"query-input\":\"required name=search_term_string\"}],\"inLanguage\":\"es\"},{\"@type\":\"Organization\",\"@id\":\"https:\/\/www.frepat.com\/es\/#organization\",\"name\":\"FREPAT URBAN EQUIPMENT\",\"alternateName\":\"FREPAT\",\"url\":\"https:\/\/www.frepat.com\/es\/\",\"logo\":{\"@type\":\"ImageObject\",\"inLanguage\":\"es\",\"@id\":\"https:\/\/www.frepat.com\/es\/#\/schema\/logo\/image\/\",\"url\":\"http:\/\/www.frepat.com\/es\/wp-content\/uploads\/sites\/3\/2023\/03\/cropped-FREPAT_LCMYK-3.jpg\",\"contentUrl\":\"http:\/\/www.frepat.com\/es\/wp-content\/uploads\/sites\/3\/2023\/03\/cropped-FREPAT_LCMYK-3.jpg\",\"width\":512,\"height\":512,\"caption\":\"FREPAT URBAN EQUIPMENT\"},\"image\":{\"@id\":\"https:\/\/www.frepat.com\/es\/#\/schema\/logo\/image\/\"},\"sameAs\":[\"https:\/\/www.facebook.com\/frepaturban\/\",\"https:\/\/www.instagram.com\/frepat_urban_equipment\"]}]}<\/script>\n<!-- \/ Yoast SEO plugin. -->","yoast_head_json":{"title":"FREPAT &ndash; COLECCI\u00d3N MODULO","description":"Bancos y jardineras XL de alta calidad y dise\u00f1os \u00fanicos para tus espacios exteriores. Personaliza tu jard\u00edn o parque.","robots":{"index":"index","follow":"follow","max-snippet":"max-snippet:-1","max-image-preview":"max-image-preview:large","max-video-preview":"max-video-preview:-1"},"canonical":"https:\/\/www.frepat.com\/es\/coleccion-modulo\/","og_locale":"es_ES","og_type":"article","og_title":"FREPAT &ndash; COLECCI\u00d3N MODULO","og_description":"Bancos y jardineras XL de alta calidad y dise\u00f1os \u00fanicos para tus espacios exteriores. Personaliza tu jard\u00edn o parque.","og_url":"https:\/\/www.frepat.com\/es\/coleccion-modulo\/","og_site_name":"Frepat Urban, Mobiliario Urbano","article_publisher":"https:\/\/www.facebook.com\/frepaturban\/","article_modified_time":"2024-05-16T10:54:49+00:00","og_image":[{"width":600,"height":600,"url":"https:\/\/www.frepat.com\/es\/wp-content\/uploads\/sites\/3\/2022\/12\/MODULOS-CIR.jpg","type":"image\/jpeg"}],"twitter_card":"summary_large_image","twitter_misc":{"Tiempo de lectura":"1 minuto"},"schema":{"@context":"https:\/\/schema.org","@graph":[{"@type":"WebPage","@id":"https:\/\/www.frepat.com\/es\/coleccion-modulo\/","url":"https:\/\/www.frepat.com\/es\/coleccion-modulo\/","name":"FREPAT &ndash; COLECCI\u00d3N MODULO","isPartOf":{"@id":"https:\/\/www.frepat.com\/es\/#website"},"datePublished":"2022-12-19T12:17:34+00:00","dateModified":"2024-05-16T10:54:49+00:00","description":"Bancos y jardineras XL de alta calidad y dise\u00f1os \u00fanicos para tus espacios exteriores. Personaliza tu jard\u00edn o parque.","breadcrumb":{"@id":"https:\/\/www.frepat.com\/es\/coleccion-modulo\/#breadcrumb"},"inLanguage":"es","potentialAction":[{"@type":"ReadAction","target":["https:\/\/www.frepat.com\/es\/coleccion-modulo\/"]}]},{"@type":"BreadcrumbList","@id":"https:\/\/www.frepat.com\/es\/coleccion-modulo\/#breadcrumb","itemListElement":[{"@type":"ListItem","position":1,"name":"Portada","item":"https:\/\/www.frepat.com\/es\/"},{"@type":"ListItem","position":2,"name":"COLECCI\u00d3N MODULO"}]},{"@type":"WebSite","@id":"https:\/\/www.frepat.com\/es\/#website","url":"https:\/\/www.frepat.com\/es\/","name":"FREPAT URBAN EQUIPMENT","description":"Frepat Urban Mobiliario urbano con bancos urbanos, papeleras de exterior, bancos y mesas urbanos, aparca bicis, jardineras.","publisher":{"@id":"https:\/\/www.frepat.com\/es\/#organization"},"alternateName":"FREPAT","potentialAction":[{"@type":"SearchAction","target":{"@type":"EntryPoint","urlTemplate":"https:\/\/www.frepat.com\/es\/?s={search_term_string}"},"query-input":"required name=search_term_string"}],"inLanguage":"es"},{"@type":"Organization","@id":"https:\/\/www.frepat.com\/es\/#organization","name":"FREPAT URBAN EQUIPMENT","alternateName":"FREPAT","url":"https:\/\/www.frepat.com\/es\/","logo":{"@type":"ImageObject","inLanguage":"es","@id":"https:\/\/www.frepat.com\/es\/#\/schema\/logo\/image\/","url":"http:\/\/www.frepat.com\/es\/wp-content\/uploads\/sites\/3\/2023\/03\/cropped-FREPAT_LCMYK-3.jpg","contentUrl":"http:\/\/www.frepat.com\/es\/wp-content\/uploads\/sites\/3\/2023\/03\/cropped-FREPAT_LCMYK-3.jpg","width":512,"height":512,"caption":"FREPAT URBAN EQUIPMENT"},"image":{"@id":"https:\/\/www.frepat.com\/es\/#\/schema\/logo\/image\/"},"sameAs":["https:\/\/www.facebook.com\/frepaturban\/","https:\/\/www.instagram.com\/frepat_urban_equipment"]}]}},"_links":{"self":[{"href":"https:\/\/www.frepat.com\/es\/wp-json\/wp\/v2\/pages\/5230"}],"collection":[{"href":"https:\/\/www.frepat.com\/es\/wp-json\/wp\/v2\/pages"}],"about":[{"href":"https:\/\/www.frepat.com\/es\/wp-json\/wp\/v2\/types\/page"}],"author":[{"embeddable":true,"href":"https:\/\/www.frepat.com\/es\/wp-json\/wp\/v2\/users\/3"}],"replies":[{"embeddable":true,"href":"https:\/\/www.frepat.com\/es\/wp-json\/wp\/v2\/comments?post=5230"}],"version-history":[{"count":5,"href":"https:\/\/www.frepat.com\/es\/wp-json\/wp\/v2\/pages\/5230\/revisions"}],"predecessor-version":[{"id":6959,"href":"https:\/\/www.frepat.com\/es\/wp-json\/wp\/v2\/pages\/5230\/revisions\/6959"}],"wp:featuredmedia":[{"embeddable":true,"href":"https:\/\/www.frepat.com\/es\/wp-json\/wp\/v2\/media\/5232"}],"wp:attachment":[{"href":"https:\/\/www.frepat.com\/es\/wp-json\/wp\/v2\/media?parent=5230"}],"curies":[{"name":"wp","href":"https:\/\/api.w.org\/{rel}","templated":true}]}}