{"id":407,"date":"2020-12-09T17:27:52","date_gmt":"2020-12-09T16:27:52","guid":{"rendered":"http:\/\/www.frepat.com\/es\/range-cim-ican\/"},"modified":"2023-03-31T09:48:39","modified_gmt":"2023-03-31T07:48:39","slug":"coleccion-cim-ican","status":"publish","type":"page","link":"https:\/\/www.frepat.com\/es\/coleccion-cim-ican\/","title":{"rendered":"COLECCI\u00d3N CIM &#038; ICAN"},"content":{"rendered":"<div class=\"wp-block-image\">\n<figure class=\"aligncenter size-large is-resized\"><img decoding=\"async\" src=\"http:\/\/www.frepat.com\/es\/wp-content\/uploads\/sites\/3\/2021\/10\/CIM-ICAN_collection-1024x345.jpg\" alt=\"\" class=\"wp-image-4341\" width=\"1202\" height=\"405\" srcset=\"https:\/\/www.frepat.com\/es\/wp-content\/uploads\/sites\/3\/2021\/10\/CIM-ICAN_collection-1024x345.jpg 1024w, https:\/\/www.frepat.com\/es\/wp-content\/uploads\/sites\/3\/2021\/10\/CIM-ICAN_collection-300x101.jpg 300w, https:\/\/www.frepat.com\/es\/wp-content\/uploads\/sites\/3\/2021\/10\/CIM-ICAN_collection-768x259.jpg 768w, https:\/\/www.frepat.com\/es\/wp-content\/uploads\/sites\/3\/2021\/10\/CIM-ICAN_collection-1536x518.jpg 1536w, https:\/\/www.frepat.com\/es\/wp-content\/uploads\/sites\/3\/2021\/10\/CIM-ICAN_collection-2048x691.jpg 2048w, https:\/\/www.frepat.com\/es\/wp-content\/uploads\/sites\/3\/2021\/10\/CIM-ICAN_collection-600x202.jpg 600w, https:\/\/www.frepat.com\/es\/wp-content\/uploads\/sites\/3\/2021\/10\/CIM-ICAN_collection-280x94.jpg 280w\" sizes=\"(max-width: 1202px) 100vw, 1202px\" \/><\/figure><\/div>\n\n<style>.product-subcategories .classic-grid.archive-listing{width:23.865%;}@media (max-width: 950px) and (min-width: 600px) {.responsive.product-subcategories .classic-grid.archive-listing { width: 31%;  }}<\/style><div class=\"product-list responsive grid \"  data-ic_ajax_query='{\"post_type\":\"al_product\",\"tax_query\":[{\"taxonomy\":\"al_product-cat\",\"field\":\"term_id\",\"terms\":[\"51\"]}],\"posts_per_page\":50,\"orderby\":\"title\",\"order\":\"ASC\",\"archive_template\":\"grid\"}'>\r\n\r\n<div class=\"archive-listing product-600 classic-grid publish no-price first\">\r\n\t<a href=\"https:\/\/www.frepat.com\/es\/equipments\/cim-ican\/\">\r\n\t\t<div class=\"classic-grid-image-wrapper\"><div class=\"pseudo\"><\/div><div class=\"image\"><img width=\"450\" height=\"450\" src=\"https:\/\/www.frepat.com\/es\/wp-content\/uploads\/sites\/3\/2020\/12\/co-CIM.jpg\" class=\"classic-grid-image\" alt=\"CIM : PAPELERA\" decoding=\"async\" srcset=\"https:\/\/www.frepat.com\/es\/wp-content\/uploads\/sites\/3\/2020\/12\/co-CIM.jpg 450w, https:\/\/www.frepat.com\/es\/wp-content\/uploads\/sites\/3\/2020\/12\/co-CIM-300x300.jpg 300w, https:\/\/www.frepat.com\/es\/wp-content\/uploads\/sites\/3\/2020\/12\/co-CIM-150x150.jpg 150w, https:\/\/www.frepat.com\/es\/wp-content\/uploads\/sites\/3\/2020\/12\/co-CIM-160x160.jpg 160w\" sizes=\"(max-width: 450px) 100vw, 450px\" \/><\/div><\/div>\r\n\t\t<h3 class=\"product-name\">CIM : PAPELERA<\/h3>\t\t\t<\/a>\r\n\t<\/div>\r\n\r\n\r\n\r\n<div class=\"archive-listing product-4978 classic-grid publish no-price middle\">\r\n\t<a href=\"https:\/\/www.frepat.com\/es\/equipments\/ican-cenicero\/\">\r\n\t\t<div class=\"classic-grid-image-wrapper\"><div class=\"pseudo\"><\/div><div class=\"image\"><img width=\"600\" height=\"600\" src=\"https:\/\/www.frepat.com\/es\/wp-content\/uploads\/sites\/3\/2022\/06\/CE-ICA_.jpg\" class=\"classic-grid-image\" alt=\"ICAN : CENICERO\" decoding=\"async\" srcset=\"https:\/\/www.frepat.com\/es\/wp-content\/uploads\/sites\/3\/2022\/06\/CE-ICA_.jpg 600w, https:\/\/www.frepat.com\/es\/wp-content\/uploads\/sites\/3\/2022\/06\/CE-ICA_-300x300.jpg 300w, https:\/\/www.frepat.com\/es\/wp-content\/uploads\/sites\/3\/2022\/06\/CE-ICA_-150x150.jpg 150w, https:\/\/www.frepat.com\/es\/wp-content\/uploads\/sites\/3\/2022\/06\/CE-ICA_-160x160.jpg 160w\" sizes=\"(max-width: 600px) 100vw, 600px\" \/><\/div><\/div>\r\n\t\t<h3 class=\"product-name\">ICAN : CENICERO<\/h3>\t\t\t<\/a>\r\n\t<\/div>\r\n\r\n\r\n\r\n<div class=\"archive-listing product-3745 classic-grid publish no-price last\">\r\n\t<a href=\"https:\/\/www.frepat.com\/es\/equipments\/ican-papeleras-y-ceniceros\/\">\r\n\t\t<div class=\"classic-grid-image-wrapper\"><div class=\"pseudo\"><\/div><div class=\"image\"><img width=\"600\" height=\"600\" src=\"https:\/\/www.frepat.com\/es\/wp-content\/uploads\/sites\/3\/2021\/05\/co-ICAN-600x600.jpg\" class=\"classic-grid-image\" alt=\"ICAN : PAPELERAS\" decoding=\"async\" srcset=\"https:\/\/www.frepat.com\/es\/wp-content\/uploads\/sites\/3\/2021\/05\/co-ICAN-600x600.jpg 600w, https:\/\/www.frepat.com\/es\/wp-content\/uploads\/sites\/3\/2021\/05\/co-ICAN-300x300.jpg 300w, https:\/\/www.frepat.com\/es\/wp-content\/uploads\/sites\/3\/2021\/05\/co-ICAN-150x150.jpg 150w, https:\/\/www.frepat.com\/es\/wp-content\/uploads\/sites\/3\/2021\/05\/co-ICAN-768x768.jpg 768w, https:\/\/www.frepat.com\/es\/wp-content\/uploads\/sites\/3\/2021\/05\/co-ICAN-160x160.jpg 160w, https:\/\/www.frepat.com\/es\/wp-content\/uploads\/sites\/3\/2021\/05\/co-ICAN.jpg 1000w\" sizes=\"(max-width: 600px) 100vw, 600px\" \/><\/div><\/div>\r\n\t\t<h3 class=\"product-name\">ICAN : PAPELERAS<\/h3>\t\t\t<\/a>\r\n\t<\/div>\r\n\r\n<div style=\"clear:both\"><\/div><\/div>\n\n\n<div class=\"is-content-justification-right is-layout-flex wp-container-1 wp-block-buttons\">\n<div class=\"wp-block-button\"><a class=\"wp-block-button__link has-background wp-element-button\" href=\"https:\/\/www.frepat.com\/es\/colecciones-frepat\/\" style=\"background-color:#f9423a\">todas las colecciones<\/a><\/div>\n<\/div>\n","protected":false},"excerpt":{"rendered":"","protected":false},"author":1,"featured_media":340,"parent":0,"menu_order":0,"comment_status":"closed","ping_status":"closed","template":"","meta":{"neve_meta_sidebar":"full-width","neve_meta_container":"","neve_meta_enable_content_width":"on","neve_meta_content_width":80,"neve_meta_title_alignment":"","neve_meta_author_avatar":"","neve_post_elements_order":"","neve_meta_disable_header":"","neve_meta_disable_footer":"","neve_meta_disable_title":"","_themeisle_gutenberg_block_has_review":false},"yoast_head":"<!-- This site is optimized with the Yoast SEO plugin v20.3 - https:\/\/yoast.com\/wordpress\/plugins\/seo\/ -->\n<title>FREPAT &ndash; CIM &amp; ICAN<\/title>\n<meta name=\"description\" content=\"Explora nuestra colecci\u00f3n CIM &amp; ICAN de papeleras dise\u00f1adas para adaptarse a cualquier ambiente urbano perfecta para mejorar la est\u00e9tica\" \/>\n<meta name=\"robots\" content=\"index, follow, max-snippet:-1, max-image-preview:large, max-video-preview:-1\" \/>\n<link rel=\"canonical\" href=\"https:\/\/www.frepat.com\/es\/coleccion-cim-ican\/\" \/>\n<meta property=\"og:locale\" content=\"es_ES\" \/>\n<meta property=\"og:type\" content=\"article\" \/>\n<meta property=\"og:title\" content=\"FREPAT &ndash; CIM &amp; ICAN\" \/>\n<meta property=\"og:description\" content=\"Explora nuestra colecci\u00f3n CIM &amp; ICAN de papeleras dise\u00f1adas para adaptarse a cualquier ambiente urbano perfecta para mejorar la est\u00e9tica\" \/>\n<meta property=\"og:url\" content=\"https:\/\/www.frepat.com\/es\/coleccion-cim-ican\/\" \/>\n<meta property=\"og:site_name\" content=\"Frepat Urban, Mobiliario Urbano\" \/>\n<meta property=\"article:publisher\" content=\"https:\/\/www.facebook.com\/frepaturban\/\" \/>\n<meta property=\"article:modified_time\" content=\"2023-03-31T07:48:39+00:00\" \/>\n<meta property=\"og:image\" content=\"https:\/\/www.frepat.com\/es\/wp-content\/uploads\/sites\/3\/2020\/12\/materiau.jpg\" \/>\n\t<meta property=\"og:image:width\" content=\"600\" \/>\n\t<meta property=\"og:image:height\" content=\"600\" \/>\n\t<meta property=\"og:image:type\" content=\"image\/jpeg\" \/>\n<meta name=\"twitter:card\" content=\"summary_large_image\" \/>\n<meta name=\"twitter:label1\" content=\"Tiempo de lectura\" \/>\n\t<meta name=\"twitter:data1\" content=\"1 minuto\" \/>\n<script type=\"application\/ld+json\" class=\"yoast-schema-graph\">{\"@context\":\"https:\/\/schema.org\",\"@graph\":[{\"@type\":\"WebPage\",\"@id\":\"https:\/\/www.frepat.com\/es\/coleccion-cim-ican\/\",\"url\":\"https:\/\/www.frepat.com\/es\/coleccion-cim-ican\/\",\"name\":\"FREPAT &ndash; CIM & ICAN\",\"isPartOf\":{\"@id\":\"https:\/\/www.frepat.com\/es\/#website\"},\"datePublished\":\"2020-12-09T16:27:52+00:00\",\"dateModified\":\"2023-03-31T07:48:39+00:00\",\"description\":\"Explora nuestra colecci\u00f3n CIM & ICAN de papeleras dise\u00f1adas para adaptarse a cualquier ambiente urbano perfecta para mejorar la est\u00e9tica\",\"breadcrumb\":{\"@id\":\"https:\/\/www.frepat.com\/es\/coleccion-cim-ican\/#breadcrumb\"},\"inLanguage\":\"es\",\"potentialAction\":[{\"@type\":\"ReadAction\",\"target\":[\"https:\/\/www.frepat.com\/es\/coleccion-cim-ican\/\"]}]},{\"@type\":\"BreadcrumbList\",\"@id\":\"https:\/\/www.frepat.com\/es\/coleccion-cim-ican\/#breadcrumb\",\"itemListElement\":[{\"@type\":\"ListItem\",\"position\":1,\"name\":\"Portada\",\"item\":\"https:\/\/www.frepat.com\/es\/\"},{\"@type\":\"ListItem\",\"position\":2,\"name\":\"COLECCI\u00d3N CIM &#038; ICAN\"}]},{\"@type\":\"WebSite\",\"@id\":\"https:\/\/www.frepat.com\/es\/#website\",\"url\":\"https:\/\/www.frepat.com\/es\/\",\"name\":\"FREPAT URBAN EQUIPMENT\",\"description\":\"Frepat Urban Mobiliario urbano con bancos urbanos, papeleras de exterior, bancos y mesas urbanos, aparca bicis, jardineras.\",\"publisher\":{\"@id\":\"https:\/\/www.frepat.com\/es\/#organization\"},\"alternateName\":\"FREPAT\",\"potentialAction\":[{\"@type\":\"SearchAction\",\"target\":{\"@type\":\"EntryPoint\",\"urlTemplate\":\"https:\/\/www.frepat.com\/es\/?s={search_term_string}\"},\"query-input\":\"required name=search_term_string\"}],\"inLanguage\":\"es\"},{\"@type\":\"Organization\",\"@id\":\"https:\/\/www.frepat.com\/es\/#organization\",\"name\":\"FREPAT URBAN EQUIPMENT\",\"alternateName\":\"FREPAT\",\"url\":\"https:\/\/www.frepat.com\/es\/\",\"logo\":{\"@type\":\"ImageObject\",\"inLanguage\":\"es\",\"@id\":\"https:\/\/www.frepat.com\/es\/#\/schema\/logo\/image\/\",\"url\":\"http:\/\/www.frepat.com\/es\/wp-content\/uploads\/sites\/3\/2023\/03\/cropped-FREPAT_LCMYK-3.jpg\",\"contentUrl\":\"http:\/\/www.frepat.com\/es\/wp-content\/uploads\/sites\/3\/2023\/03\/cropped-FREPAT_LCMYK-3.jpg\",\"width\":512,\"height\":512,\"caption\":\"FREPAT URBAN EQUIPMENT\"},\"image\":{\"@id\":\"https:\/\/www.frepat.com\/es\/#\/schema\/logo\/image\/\"},\"sameAs\":[\"https:\/\/www.facebook.com\/frepaturban\/\",\"https:\/\/www.instagram.com\/frepat_urban_equipment\"]}]}<\/script>\n<!-- \/ Yoast SEO plugin. -->","yoast_head_json":{"title":"FREPAT &ndash; CIM & ICAN","description":"Explora nuestra colecci\u00f3n CIM & ICAN de papeleras dise\u00f1adas para adaptarse a cualquier ambiente urbano perfecta para mejorar la est\u00e9tica","robots":{"index":"index","follow":"follow","max-snippet":"max-snippet:-1","max-image-preview":"max-image-preview:large","max-video-preview":"max-video-preview:-1"},"canonical":"https:\/\/www.frepat.com\/es\/coleccion-cim-ican\/","og_locale":"es_ES","og_type":"article","og_title":"FREPAT &ndash; CIM & ICAN","og_description":"Explora nuestra colecci\u00f3n CIM & ICAN de papeleras dise\u00f1adas para adaptarse a cualquier ambiente urbano perfecta para mejorar la est\u00e9tica","og_url":"https:\/\/www.frepat.com\/es\/coleccion-cim-ican\/","og_site_name":"Frepat Urban, Mobiliario Urbano","article_publisher":"https:\/\/www.facebook.com\/frepaturban\/","article_modified_time":"2023-03-31T07:48:39+00:00","og_image":[{"width":600,"height":600,"url":"https:\/\/www.frepat.com\/es\/wp-content\/uploads\/sites\/3\/2020\/12\/materiau.jpg","type":"image\/jpeg"}],"twitter_card":"summary_large_image","twitter_misc":{"Tiempo de lectura":"1 minuto"},"schema":{"@context":"https:\/\/schema.org","@graph":[{"@type":"WebPage","@id":"https:\/\/www.frepat.com\/es\/coleccion-cim-ican\/","url":"https:\/\/www.frepat.com\/es\/coleccion-cim-ican\/","name":"FREPAT &ndash; CIM & ICAN","isPartOf":{"@id":"https:\/\/www.frepat.com\/es\/#website"},"datePublished":"2020-12-09T16:27:52+00:00","dateModified":"2023-03-31T07:48:39+00:00","description":"Explora nuestra colecci\u00f3n CIM & ICAN de papeleras dise\u00f1adas para adaptarse a cualquier ambiente urbano perfecta para mejorar la est\u00e9tica","breadcrumb":{"@id":"https:\/\/www.frepat.com\/es\/coleccion-cim-ican\/#breadcrumb"},"inLanguage":"es","potentialAction":[{"@type":"ReadAction","target":["https:\/\/www.frepat.com\/es\/coleccion-cim-ican\/"]}]},{"@type":"BreadcrumbList","@id":"https:\/\/www.frepat.com\/es\/coleccion-cim-ican\/#breadcrumb","itemListElement":[{"@type":"ListItem","position":1,"name":"Portada","item":"https:\/\/www.frepat.com\/es\/"},{"@type":"ListItem","position":2,"name":"COLECCI\u00d3N CIM &#038; ICAN"}]},{"@type":"WebSite","@id":"https:\/\/www.frepat.com\/es\/#website","url":"https:\/\/www.frepat.com\/es\/","name":"FREPAT URBAN EQUIPMENT","description":"Frepat Urban Mobiliario urbano con bancos urbanos, papeleras de exterior, bancos y mesas urbanos, aparca bicis, jardineras.","publisher":{"@id":"https:\/\/www.frepat.com\/es\/#organization"},"alternateName":"FREPAT","potentialAction":[{"@type":"SearchAction","target":{"@type":"EntryPoint","urlTemplate":"https:\/\/www.frepat.com\/es\/?s={search_term_string}"},"query-input":"required name=search_term_string"}],"inLanguage":"es"},{"@type":"Organization","@id":"https:\/\/www.frepat.com\/es\/#organization","name":"FREPAT URBAN EQUIPMENT","alternateName":"FREPAT","url":"https:\/\/www.frepat.com\/es\/","logo":{"@type":"ImageObject","inLanguage":"es","@id":"https:\/\/www.frepat.com\/es\/#\/schema\/logo\/image\/","url":"http:\/\/www.frepat.com\/es\/wp-content\/uploads\/sites\/3\/2023\/03\/cropped-FREPAT_LCMYK-3.jpg","contentUrl":"http:\/\/www.frepat.com\/es\/wp-content\/uploads\/sites\/3\/2023\/03\/cropped-FREPAT_LCMYK-3.jpg","width":512,"height":512,"caption":"FREPAT URBAN EQUIPMENT"},"image":{"@id":"https:\/\/www.frepat.com\/es\/#\/schema\/logo\/image\/"},"sameAs":["https:\/\/www.facebook.com\/frepaturban\/","https:\/\/www.instagram.com\/frepat_urban_equipment"]}]}},"_links":{"self":[{"href":"https:\/\/www.frepat.com\/es\/wp-json\/wp\/v2\/pages\/407"}],"collection":[{"href":"https:\/\/www.frepat.com\/es\/wp-json\/wp\/v2\/pages"}],"about":[{"href":"https:\/\/www.frepat.com\/es\/wp-json\/wp\/v2\/types\/page"}],"author":[{"embeddable":true,"href":"https:\/\/www.frepat.com\/es\/wp-json\/wp\/v2\/users\/1"}],"replies":[{"embeddable":true,"href":"https:\/\/www.frepat.com\/es\/wp-json\/wp\/v2\/comments?post=407"}],"version-history":[{"count":7,"href":"https:\/\/www.frepat.com\/es\/wp-json\/wp\/v2\/pages\/407\/revisions"}],"predecessor-version":[{"id":5718,"href":"https:\/\/www.frepat.com\/es\/wp-json\/wp\/v2\/pages\/407\/revisions\/5718"}],"wp:featuredmedia":[{"embeddable":true,"href":"https:\/\/www.frepat.com\/es\/wp-json\/wp\/v2\/media\/340"}],"wp:attachment":[{"href":"https:\/\/www.frepat.com\/es\/wp-json\/wp\/v2\/media?parent=407"}],"curies":[{"name":"wp","href":"https:\/\/api.w.org\/{rel}","templated":true}]}}