{"id":404,"date":"2020-12-09T17:27:33","date_gmt":"2020-12-09T16:27:33","guid":{"rendered":"http:\/\/www.frepat.com\/es\/range-bancafina\/"},"modified":"2026-04-23T15:43:13","modified_gmt":"2026-04-23T13:43:13","slug":"coleccion-bancafina","status":"publish","type":"page","link":"https:\/\/www.frepat.com\/es\/coleccion-bancafina\/","title":{"rendered":"COLECCI\u00d3N BANCAFINA"},"content":{"rendered":"<style>.product-list .classic-grid.archive-listing{width:23.865%;}@media (max-width: 950px) and (min-width: 600px) {.responsive .archive-listing.last, .responsive .archive-listing.first { clear: none;margin-right: 1.5%;}.responsive .classic-grid.archive-listing, .responsive .classic-grid.archive-listing.last { width: 31%; }.responsive .classic-grid.archive-listing:nth-child(3n + 1) { clear: left; }}.product-subcategories .classic-grid.archive-listing{width:23.865%;}@media (max-width: 950px) and (min-width: 600px) {.responsive.product-subcategories .classic-grid.archive-listing { width: 31%;  }}<\/style><div class=\"product-list responsive grid \"  data-ic_ajax_query='{\"post_type\":\"al_product\",\"tax_query\":[{\"taxonomy\":\"al_product-cat\",\"field\":\"term_id\",\"terms\":[\"17\"]}],\"posts_per_page\":50,\"orderby\":\"title\",\"order\":\"ASC\",\"archive_template\":\"grid\"}'>\r\n\r\n<div class=\"archive-listing product-8908 classic-grid publish no-price first\">\r\n\t<a href=\"https:\/\/www.frepat.com\/es\/equipments\/bancafina-asiento-de-apoyo\/\">\r\n\t\t<div class=\"classic-grid-image-wrapper\"><div class=\"pseudo\"><\/div><div class=\"image\"><img width=\"600\" height=\"600\" src=\"https:\/\/www.frepat.com\/es\/wp-content\/uploads\/sites\/3\/2026\/01\/AD-FINA-600x600.jpg\" class=\"classic-grid-image\" alt=\"BANCAFINA : ASIENTO DE APOYO\" decoding=\"async\" srcset=\"https:\/\/www.frepat.com\/es\/wp-content\/uploads\/sites\/3\/2026\/01\/AD-FINA-600x600.jpg 600w, https:\/\/www.frepat.com\/es\/wp-content\/uploads\/sites\/3\/2026\/01\/AD-FINA-300x300.jpg 300w, https:\/\/www.frepat.com\/es\/wp-content\/uploads\/sites\/3\/2026\/01\/AD-FINA-150x150.jpg 150w, https:\/\/www.frepat.com\/es\/wp-content\/uploads\/sites\/3\/2026\/01\/AD-FINA-160x160.jpg 160w, https:\/\/www.frepat.com\/es\/wp-content\/uploads\/sites\/3\/2026\/01\/AD-FINA.jpg 750w\" sizes=\"(max-width: 600px) 100vw, 600px\" \/><\/div><\/div>\r\n\t\t<h3 class=\"product-name\">BANCAFINA : ASIENTO DE APOYO<\/h3>\t\t\t<\/a>\r\n\t<\/div>\r\n\r\n\r\n\r\n<div class=\"archive-listing product-463 classic-grid publish no-price middle\">\r\n\t<a href=\"https:\/\/www.frepat.com\/es\/equipments\/bancafina-plus\/\">\r\n\t\t<div class=\"classic-grid-image-wrapper\"><div class=\"pseudo\"><\/div><div class=\"image\"><img width=\"600\" height=\"600\" src=\"https:\/\/www.frepat.com\/es\/wp-content\/uploads\/sites\/3\/2020\/12\/BC-BCFINA.jpg\" class=\"classic-grid-image\" alt=\"BANCAFINA PLUS : BANCOS\" decoding=\"async\" srcset=\"https:\/\/www.frepat.com\/es\/wp-content\/uploads\/sites\/3\/2020\/12\/BC-BCFINA.jpg 600w, https:\/\/www.frepat.com\/es\/wp-content\/uploads\/sites\/3\/2020\/12\/BC-BCFINA-300x300.jpg 300w, https:\/\/www.frepat.com\/es\/wp-content\/uploads\/sites\/3\/2020\/12\/BC-BCFINA-150x150.jpg 150w, https:\/\/www.frepat.com\/es\/wp-content\/uploads\/sites\/3\/2020\/12\/BC-BCFINA-160x160.jpg 160w\" sizes=\"(max-width: 600px) 100vw, 600px\" \/><\/div><\/div>\r\n\t\t<h3 class=\"product-name\">BANCAFINA PLUS : BANCOS<\/h3>\t\t\t<\/a>\r\n\t<\/div>\r\n\r\n<div style=\"clear:both\"><\/div><\/div>\n\n\n<div class=\"is-content-justification-right is-layout-flex wp-container-1 wp-block-buttons\">\n<div class=\"wp-block-button\"><a class=\"wp-block-button__link has-background wp-element-button\" href=\"https:\/\/www.frepat.com\/es\/colecciones-frepat\/\" style=\"background-color:#f9423a\">todas las colecciones<\/a><\/div>\n<\/div>\n","protected":false},"excerpt":{"rendered":"","protected":false},"author":1,"featured_media":3590,"parent":0,"menu_order":0,"comment_status":"closed","ping_status":"closed","template":"","meta":{"neve_meta_sidebar":"full-width","neve_meta_container":"","neve_meta_enable_content_width":"on","neve_meta_content_width":80,"neve_meta_title_alignment":"","neve_meta_author_avatar":"","neve_post_elements_order":"","neve_meta_disable_header":"","neve_meta_disable_footer":"","neve_meta_disable_title":"","_themeisle_gutenberg_block_has_review":false},"yoast_head":"<!-- This site is optimized with the Yoast SEO plugin v20.3 - https:\/\/yoast.com\/wordpress\/plugins\/seo\/ -->\n<title>FREPAT &ndash; COLEECI\u00d3N BANCAFINA<\/title>\n<meta name=\"description\" content=\"Nuestra colecci\u00f3n BANCAFINA de bancos urbanos de alta calidad y dise\u00f1o moderno son ideales para cualquier tipo de espacio\" \/>\n<meta name=\"robots\" content=\"index, follow, max-snippet:-1, max-image-preview:large, max-video-preview:-1\" \/>\n<link rel=\"canonical\" href=\"https:\/\/www.frepat.com\/es\/coleccion-bancafina\/\" \/>\n<meta property=\"og:locale\" content=\"es_ES\" \/>\n<meta property=\"og:type\" content=\"article\" \/>\n<meta property=\"og:title\" content=\"FREPAT &ndash; COLEECI\u00d3N BANCAFINA\" \/>\n<meta property=\"og:description\" content=\"Nuestra colecci\u00f3n BANCAFINA de bancos urbanos de alta calidad y dise\u00f1o moderno son ideales para cualquier tipo de espacio\" \/>\n<meta property=\"og:url\" content=\"https:\/\/www.frepat.com\/es\/coleccion-bancafina\/\" \/>\n<meta property=\"og:site_name\" content=\"Frepat Urban, Mobiliario Urbano\" \/>\n<meta property=\"article:publisher\" content=\"https:\/\/www.facebook.com\/frepaturban\/\" \/>\n<meta property=\"article:modified_time\" content=\"2026-04-23T13:43:13+00:00\" \/>\n<meta property=\"og:image\" content=\"https:\/\/www.frepat.com\/es\/wp-content\/uploads\/sites\/3\/2021\/09\/BC-Haillan.jpg\" \/>\n\t<meta property=\"og:image:width\" content=\"1000\" \/>\n\t<meta property=\"og:image:height\" content=\"1000\" \/>\n\t<meta property=\"og:image:type\" content=\"image\/jpeg\" \/>\n<meta name=\"twitter:card\" content=\"summary_large_image\" \/>\n<meta name=\"twitter:label1\" content=\"Tiempo de lectura\" \/>\n\t<meta name=\"twitter:data1\" content=\"1 minuto\" \/>\n<script type=\"application\/ld+json\" class=\"yoast-schema-graph\">{\"@context\":\"https:\/\/schema.org\",\"@graph\":[{\"@type\":\"WebPage\",\"@id\":\"https:\/\/www.frepat.com\/es\/coleccion-bancafina\/\",\"url\":\"https:\/\/www.frepat.com\/es\/coleccion-bancafina\/\",\"name\":\"FREPAT &ndash; COLEECI\u00d3N BANCAFINA\",\"isPartOf\":{\"@id\":\"https:\/\/www.frepat.com\/es\/#website\"},\"datePublished\":\"2020-12-09T16:27:33+00:00\",\"dateModified\":\"2026-04-23T13:43:13+00:00\",\"description\":\"Nuestra colecci\u00f3n BANCAFINA de bancos urbanos de alta calidad y dise\u00f1o moderno son ideales para cualquier tipo de espacio\",\"breadcrumb\":{\"@id\":\"https:\/\/www.frepat.com\/es\/coleccion-bancafina\/#breadcrumb\"},\"inLanguage\":\"es\",\"potentialAction\":[{\"@type\":\"ReadAction\",\"target\":[\"https:\/\/www.frepat.com\/es\/coleccion-bancafina\/\"]}]},{\"@type\":\"BreadcrumbList\",\"@id\":\"https:\/\/www.frepat.com\/es\/coleccion-bancafina\/#breadcrumb\",\"itemListElement\":[{\"@type\":\"ListItem\",\"position\":1,\"name\":\"Portada\",\"item\":\"https:\/\/www.frepat.com\/es\/\"},{\"@type\":\"ListItem\",\"position\":2,\"name\":\"COLECCI\u00d3N BANCAFINA\"}]},{\"@type\":\"WebSite\",\"@id\":\"https:\/\/www.frepat.com\/es\/#website\",\"url\":\"https:\/\/www.frepat.com\/es\/\",\"name\":\"FREPAT URBAN EQUIPMENT\",\"description\":\"Frepat Urban Mobiliario urbano con bancos urbanos, papeleras de exterior, bancos y mesas urbanos, aparca bicis, jardineras.\",\"publisher\":{\"@id\":\"https:\/\/www.frepat.com\/es\/#organization\"},\"alternateName\":\"FREPAT\",\"potentialAction\":[{\"@type\":\"SearchAction\",\"target\":{\"@type\":\"EntryPoint\",\"urlTemplate\":\"https:\/\/www.frepat.com\/es\/?s={search_term_string}\"},\"query-input\":\"required name=search_term_string\"}],\"inLanguage\":\"es\"},{\"@type\":\"Organization\",\"@id\":\"https:\/\/www.frepat.com\/es\/#organization\",\"name\":\"FREPAT URBAN EQUIPMENT\",\"alternateName\":\"FREPAT\",\"url\":\"https:\/\/www.frepat.com\/es\/\",\"logo\":{\"@type\":\"ImageObject\",\"inLanguage\":\"es\",\"@id\":\"https:\/\/www.frepat.com\/es\/#\/schema\/logo\/image\/\",\"url\":\"http:\/\/www.frepat.com\/es\/wp-content\/uploads\/sites\/3\/2023\/03\/cropped-FREPAT_LCMYK-3.jpg\",\"contentUrl\":\"http:\/\/www.frepat.com\/es\/wp-content\/uploads\/sites\/3\/2023\/03\/cropped-FREPAT_LCMYK-3.jpg\",\"width\":512,\"height\":512,\"caption\":\"FREPAT URBAN EQUIPMENT\"},\"image\":{\"@id\":\"https:\/\/www.frepat.com\/es\/#\/schema\/logo\/image\/\"},\"sameAs\":[\"https:\/\/www.facebook.com\/frepaturban\/\",\"https:\/\/www.instagram.com\/frepat_urban_equipment\"]}]}<\/script>\n<!-- \/ Yoast SEO plugin. -->","yoast_head_json":{"title":"FREPAT &ndash; COLEECI\u00d3N BANCAFINA","description":"Nuestra colecci\u00f3n BANCAFINA de bancos urbanos de alta calidad y dise\u00f1o moderno son ideales para cualquier tipo de espacio","robots":{"index":"index","follow":"follow","max-snippet":"max-snippet:-1","max-image-preview":"max-image-preview:large","max-video-preview":"max-video-preview:-1"},"canonical":"https:\/\/www.frepat.com\/es\/coleccion-bancafina\/","og_locale":"es_ES","og_type":"article","og_title":"FREPAT &ndash; COLEECI\u00d3N BANCAFINA","og_description":"Nuestra colecci\u00f3n BANCAFINA de bancos urbanos de alta calidad y dise\u00f1o moderno son ideales para cualquier tipo de espacio","og_url":"https:\/\/www.frepat.com\/es\/coleccion-bancafina\/","og_site_name":"Frepat Urban, Mobiliario Urbano","article_publisher":"https:\/\/www.facebook.com\/frepaturban\/","article_modified_time":"2026-04-23T13:43:13+00:00","og_image":[{"width":1000,"height":1000,"url":"https:\/\/www.frepat.com\/es\/wp-content\/uploads\/sites\/3\/2021\/09\/BC-Haillan.jpg","type":"image\/jpeg"}],"twitter_card":"summary_large_image","twitter_misc":{"Tiempo de lectura":"1 minuto"},"schema":{"@context":"https:\/\/schema.org","@graph":[{"@type":"WebPage","@id":"https:\/\/www.frepat.com\/es\/coleccion-bancafina\/","url":"https:\/\/www.frepat.com\/es\/coleccion-bancafina\/","name":"FREPAT &ndash; COLEECI\u00d3N BANCAFINA","isPartOf":{"@id":"https:\/\/www.frepat.com\/es\/#website"},"datePublished":"2020-12-09T16:27:33+00:00","dateModified":"2026-04-23T13:43:13+00:00","description":"Nuestra colecci\u00f3n BANCAFINA de bancos urbanos de alta calidad y dise\u00f1o moderno son ideales para cualquier tipo de espacio","breadcrumb":{"@id":"https:\/\/www.frepat.com\/es\/coleccion-bancafina\/#breadcrumb"},"inLanguage":"es","potentialAction":[{"@type":"ReadAction","target":["https:\/\/www.frepat.com\/es\/coleccion-bancafina\/"]}]},{"@type":"BreadcrumbList","@id":"https:\/\/www.frepat.com\/es\/coleccion-bancafina\/#breadcrumb","itemListElement":[{"@type":"ListItem","position":1,"name":"Portada","item":"https:\/\/www.frepat.com\/es\/"},{"@type":"ListItem","position":2,"name":"COLECCI\u00d3N BANCAFINA"}]},{"@type":"WebSite","@id":"https:\/\/www.frepat.com\/es\/#website","url":"https:\/\/www.frepat.com\/es\/","name":"FREPAT URBAN EQUIPMENT","description":"Frepat Urban Mobiliario urbano con bancos urbanos, papeleras de exterior, bancos y mesas urbanos, aparca bicis, jardineras.","publisher":{"@id":"https:\/\/www.frepat.com\/es\/#organization"},"alternateName":"FREPAT","potentialAction":[{"@type":"SearchAction","target":{"@type":"EntryPoint","urlTemplate":"https:\/\/www.frepat.com\/es\/?s={search_term_string}"},"query-input":"required name=search_term_string"}],"inLanguage":"es"},{"@type":"Organization","@id":"https:\/\/www.frepat.com\/es\/#organization","name":"FREPAT URBAN EQUIPMENT","alternateName":"FREPAT","url":"https:\/\/www.frepat.com\/es\/","logo":{"@type":"ImageObject","inLanguage":"es","@id":"https:\/\/www.frepat.com\/es\/#\/schema\/logo\/image\/","url":"http:\/\/www.frepat.com\/es\/wp-content\/uploads\/sites\/3\/2023\/03\/cropped-FREPAT_LCMYK-3.jpg","contentUrl":"http:\/\/www.frepat.com\/es\/wp-content\/uploads\/sites\/3\/2023\/03\/cropped-FREPAT_LCMYK-3.jpg","width":512,"height":512,"caption":"FREPAT URBAN EQUIPMENT"},"image":{"@id":"https:\/\/www.frepat.com\/es\/#\/schema\/logo\/image\/"},"sameAs":["https:\/\/www.facebook.com\/frepaturban\/","https:\/\/www.instagram.com\/frepat_urban_equipment"]}]}},"_links":{"self":[{"href":"https:\/\/www.frepat.com\/es\/wp-json\/wp\/v2\/pages\/404"}],"collection":[{"href":"https:\/\/www.frepat.com\/es\/wp-json\/wp\/v2\/pages"}],"about":[{"href":"https:\/\/www.frepat.com\/es\/wp-json\/wp\/v2\/types\/page"}],"author":[{"embeddable":true,"href":"https:\/\/www.frepat.com\/es\/wp-json\/wp\/v2\/users\/1"}],"replies":[{"embeddable":true,"href":"https:\/\/www.frepat.com\/es\/wp-json\/wp\/v2\/comments?post=404"}],"version-history":[{"count":14,"href":"https:\/\/www.frepat.com\/es\/wp-json\/wp\/v2\/pages\/404\/revisions"}],"predecessor-version":[{"id":9113,"href":"https:\/\/www.frepat.com\/es\/wp-json\/wp\/v2\/pages\/404\/revisions\/9113"}],"wp:featuredmedia":[{"embeddable":true,"href":"https:\/\/www.frepat.com\/es\/wp-json\/wp\/v2\/media\/3590"}],"wp:attachment":[{"href":"https:\/\/www.frepat.com\/es\/wp-json\/wp\/v2\/media?parent=404"}],"curies":[{"name":"wp","href":"https:\/\/api.w.org\/{rel}","templated":true}]}}