{"id":346,"date":"2020-12-09T17:18:25","date_gmt":"2020-12-09T16:18:25","guid":{"rendered":"http:\/\/www.frepat.com\/es\/signs\/"},"modified":"2023-03-28T12:20:58","modified_gmt":"2023-03-28T10:20:58","slug":"senalizacion-y-otros","status":"publish","type":"page","link":"https:\/\/www.frepat.com\/es\/senalizacion-y-otros\/","title":{"rendered":"SE\u00d1ALIZACI\u00d3N Y OTROS"},"content":{"rendered":"<div id=\"crp_related\"> <\/div>\n\n<style>.product-list .classic-grid.archive-listing{width:23.865%;}@media (max-width: 950px) and (min-width: 600px) {.responsive .archive-listing.last, .responsive .archive-listing.first { clear: none;margin-right: 1.5%;}.responsive .classic-grid.archive-listing, .responsive .classic-grid.archive-listing.last { width: 31%; }.responsive .classic-grid.archive-listing:nth-child(3n + 1) { clear: left; }}.product-subcategories .classic-grid.archive-listing{width:23.865%;}@media (max-width: 950px) and (min-width: 600px) {.responsive.product-subcategories .classic-grid.archive-listing { width: 31%;  }}<\/style><div class=\"product-list responsive grid \"  data-ic_ajax_query='{\"post_type\":\"al_product\",\"tax_query\":[{\"taxonomy\":\"al_product-cat\",\"field\":\"term_id\",\"terms\":[\"38\"]}],\"posts_per_page\":50,\"orderby\":\"title\",\"order\":\"ASC\",\"archive_template\":\"grid\"}'>\r\n\r\n<div class=\"archive-listing product-516 classic-grid publish no-price first\">\r\n\t<a href=\"https:\/\/www.frepat.com\/es\/equipments\/ville-dandorre\/\">\r\n\t\t<div class=\"classic-grid-image-wrapper\"><div class=\"pseudo\"><\/div><div class=\"image\"><img width=\"475\" height=\"475\" src=\"https:\/\/www.frepat.com\/es\/wp-content\/uploads\/sites\/3\/2020\/12\/signaletique.jpg\" class=\"classic-grid-image\" alt=\"ANDORRA\" decoding=\"async\" srcset=\"https:\/\/www.frepat.com\/es\/wp-content\/uploads\/sites\/3\/2020\/12\/signaletique.jpg 475w, https:\/\/www.frepat.com\/es\/wp-content\/uploads\/sites\/3\/2020\/12\/signaletique-300x300.jpg 300w, https:\/\/www.frepat.com\/es\/wp-content\/uploads\/sites\/3\/2020\/12\/signaletique-150x150.jpg 150w, https:\/\/www.frepat.com\/es\/wp-content\/uploads\/sites\/3\/2020\/12\/signaletique-160x160.jpg 160w\" sizes=\"(max-width: 475px) 100vw, 475px\" \/><\/div><\/div>\r\n\t\t<h3 class=\"product-name\">ANDORRA<\/h3>\t\t\t<\/a>\r\n\t<\/div>\r\n\r\n\r\n\r\n<div class=\"archive-listing product-527 classic-grid publish no-price middle\">\r\n\t<a href=\"https:\/\/www.frepat.com\/es\/equipments\/panneaux-et-barrieres\/\">\r\n\t\t<div class=\"classic-grid-image-wrapper\"><div class=\"pseudo\"><\/div><div class=\"image\"><img width=\"475\" height=\"475\" src=\"https:\/\/www.frepat.com\/es\/wp-content\/uploads\/sites\/3\/2020\/12\/TOGAV_.jpg\" class=\"classic-grid-image\" alt=\"GAVA POSTES DE SE\u00d1ALIZACI\u00d3N\" decoding=\"async\" srcset=\"https:\/\/www.frepat.com\/es\/wp-content\/uploads\/sites\/3\/2020\/12\/TOGAV_.jpg 475w, https:\/\/www.frepat.com\/es\/wp-content\/uploads\/sites\/3\/2020\/12\/TOGAV_-300x300.jpg 300w, https:\/\/www.frepat.com\/es\/wp-content\/uploads\/sites\/3\/2020\/12\/TOGAV_-150x150.jpg 150w, https:\/\/www.frepat.com\/es\/wp-content\/uploads\/sites\/3\/2020\/12\/TOGAV_-160x160.jpg 160w\" sizes=\"(max-width: 475px) 100vw, 475px\" \/><\/div><\/div>\r\n\t\t<h3 class=\"product-name\">GAVA POSTES DE SE\u00d1ALIZACI\u00d3N<\/h3>\t\t\t<\/a>\r\n\t<\/div>\r\n\r\n\r\n\r\n<div class=\"archive-listing product-514 classic-grid publish no-price middle\">\r\n\t<a href=\"https:\/\/www.frepat.com\/es\/equipments\/gegants-gualba-espagne\/\">\r\n\t\t<div class=\"classic-grid-image-wrapper\"><div class=\"pseudo\"><\/div><div class=\"image\"><img width=\"465\" height=\"465\" src=\"https:\/\/www.frepat.com\/es\/wp-content\/uploads\/sites\/3\/2020\/12\/SIGNA_GUALBA-1.jpg\" class=\"classic-grid-image\" alt=\"GEGANTS GUALBA\" decoding=\"async\" srcset=\"https:\/\/www.frepat.com\/es\/wp-content\/uploads\/sites\/3\/2020\/12\/SIGNA_GUALBA-1.jpg 465w, https:\/\/www.frepat.com\/es\/wp-content\/uploads\/sites\/3\/2020\/12\/SIGNA_GUALBA-1-300x300.jpg 300w, https:\/\/www.frepat.com\/es\/wp-content\/uploads\/sites\/3\/2020\/12\/SIGNA_GUALBA-1-150x150.jpg 150w, https:\/\/www.frepat.com\/es\/wp-content\/uploads\/sites\/3\/2020\/12\/SIGNA_GUALBA-1-160x160.jpg 160w\" sizes=\"(max-width: 465px) 100vw, 465px\" \/><\/div><\/div>\r\n\t\t<h3 class=\"product-name\">GEGANTS GUALBA<\/h3>\t\t\t<\/a>\r\n\t<\/div>\r\n\r\n\r\n\r\n<div class=\"archive-listing product-510 classic-grid publish no-price last\">\r\n\t<a href=\"https:\/\/www.frepat.com\/es\/equipments\/panneaux\/\">\r\n\t\t<div class=\"classic-grid-image-wrapper\"><div class=\"pseudo\"><\/div><div class=\"image\"><img width=\"475\" height=\"475\" src=\"https:\/\/www.frepat.com\/es\/wp-content\/uploads\/sites\/3\/2020\/12\/Panneaux.jpg\" class=\"classic-grid-image\" alt=\"PANELES\" decoding=\"async\" srcset=\"https:\/\/www.frepat.com\/es\/wp-content\/uploads\/sites\/3\/2020\/12\/Panneaux.jpg 475w, https:\/\/www.frepat.com\/es\/wp-content\/uploads\/sites\/3\/2020\/12\/Panneaux-300x300.jpg 300w, https:\/\/www.frepat.com\/es\/wp-content\/uploads\/sites\/3\/2020\/12\/Panneaux-150x150.jpg 150w, https:\/\/www.frepat.com\/es\/wp-content\/uploads\/sites\/3\/2020\/12\/Panneaux-160x160.jpg 160w\" sizes=\"(max-width: 475px) 100vw, 475px\" \/><\/div><\/div>\r\n\t\t<h3 class=\"product-name\">PANELES<\/h3>\t\t\t<\/a>\r\n\t<\/div>\r\n\r\n\r\n\r\n<div class=\"archive-listing product-520 classic-grid publish no-price first\">\r\n\t<a href=\"https:\/\/www.frepat.com\/es\/equipments\/parc-du-ruisseau-haillan\/\">\r\n\t\t<div class=\"classic-grid-image-wrapper\"><div class=\"pseudo\"><\/div><div class=\"image\"><img width=\"475\" height=\"475\" src=\"https:\/\/www.frepat.com\/es\/wp-content\/uploads\/sites\/3\/2020\/12\/signa0008600x450.jpg\" class=\"classic-grid-image\" alt=\"Parque RUISSEAU HAILLAN\" decoding=\"async\" srcset=\"https:\/\/www.frepat.com\/es\/wp-content\/uploads\/sites\/3\/2020\/12\/signa0008600x450.jpg 475w, https:\/\/www.frepat.com\/es\/wp-content\/uploads\/sites\/3\/2020\/12\/signa0008600x450-300x300.jpg 300w, https:\/\/www.frepat.com\/es\/wp-content\/uploads\/sites\/3\/2020\/12\/signa0008600x450-150x150.jpg 150w, https:\/\/www.frepat.com\/es\/wp-content\/uploads\/sites\/3\/2020\/12\/signa0008600x450-160x160.jpg 160w\" sizes=\"(max-width: 475px) 100vw, 475px\" \/><\/div><\/div>\r\n\t\t<h3 class=\"product-name\">Parque RUISSEAU HAILLAN<\/h3>\t\t\t<\/a>\r\n\t<\/div>\r\n\r\n\r\n\r\n<div class=\"archive-listing product-522 classic-grid publish no-price middle\">\r\n\t<a href=\"https:\/\/www.frepat.com\/es\/equipments\/oreilles-en-balade-2\/\">\r\n\t\t<div class=\"classic-grid-image-wrapper\"><div class=\"pseudo\"><\/div><div class=\"image\"><img width=\"475\" height=\"475\" src=\"https:\/\/www.frepat.com\/es\/wp-content\/uploads\/sites\/3\/2020\/12\/OeB.jpg\" class=\"classic-grid-image\" alt=\"PILONAS \u00abSONORAS\u00bb\" decoding=\"async\" srcset=\"https:\/\/www.frepat.com\/es\/wp-content\/uploads\/sites\/3\/2020\/12\/OeB.jpg 475w, https:\/\/www.frepat.com\/es\/wp-content\/uploads\/sites\/3\/2020\/12\/OeB-300x300.jpg 300w, https:\/\/www.frepat.com\/es\/wp-content\/uploads\/sites\/3\/2020\/12\/OeB-150x150.jpg 150w, https:\/\/www.frepat.com\/es\/wp-content\/uploads\/sites\/3\/2020\/12\/OeB-160x160.jpg 160w\" sizes=\"(max-width: 475px) 100vw, 475px\" \/><\/div><\/div>\r\n\t\t<h3 class=\"product-name\">PILONAS \u00abSONORAS\u00bb<\/h3>\t\t\t<\/a>\r\n\t<\/div>\r\n\r\n\r\n\r\n<div class=\"archive-listing product-518 classic-grid publish no-price middle\">\r\n\t<a href=\"https:\/\/www.frepat.com\/es\/equipments\/port-de-limay-porcheville-yvelines\/\">\r\n\t\t<div class=\"classic-grid-image-wrapper\"><div class=\"pseudo\"><\/div><div class=\"image\"><img width=\"450\" height=\"450\" src=\"https:\/\/www.frepat.com\/es\/wp-content\/uploads\/sites\/3\/2020\/12\/limay450.jpg\" class=\"classic-grid-image\" alt=\"Port de Limay-Porcheville\" decoding=\"async\" srcset=\"https:\/\/www.frepat.com\/es\/wp-content\/uploads\/sites\/3\/2020\/12\/limay450.jpg 450w, https:\/\/www.frepat.com\/es\/wp-content\/uploads\/sites\/3\/2020\/12\/limay450-300x300.jpg 300w, https:\/\/www.frepat.com\/es\/wp-content\/uploads\/sites\/3\/2020\/12\/limay450-150x150.jpg 150w, https:\/\/www.frepat.com\/es\/wp-content\/uploads\/sites\/3\/2020\/12\/limay450-160x160.jpg 160w\" sizes=\"(max-width: 450px) 100vw, 450px\" \/><\/div><\/div>\r\n\t\t<h3 class=\"product-name\">Port de Limay-Porcheville<\/h3>\t\t\t<\/a>\r\n\t<\/div>\r\n\r\n\r\n\r\n<div class=\"archive-listing product-526 classic-grid publish no-price last\">\r\n\t<a href=\"https:\/\/www.frepat.com\/es\/equipments\/totem-et-sculpture-2\/\">\r\n\t\t<div class=\"classic-grid-image-wrapper\"><div class=\"pseudo\"><\/div><div class=\"image\"><img width=\"475\" height=\"475\" src=\"https:\/\/www.frepat.com\/es\/wp-content\/uploads\/sites\/3\/2020\/12\/escultura.jpg\" class=\"classic-grid-image\" alt=\"Se\u00f1alizaci\u00f3n\" decoding=\"async\" srcset=\"https:\/\/www.frepat.com\/es\/wp-content\/uploads\/sites\/3\/2020\/12\/escultura.jpg 475w, https:\/\/www.frepat.com\/es\/wp-content\/uploads\/sites\/3\/2020\/12\/escultura-300x300.jpg 300w, https:\/\/www.frepat.com\/es\/wp-content\/uploads\/sites\/3\/2020\/12\/escultura-150x150.jpg 150w, https:\/\/www.frepat.com\/es\/wp-content\/uploads\/sites\/3\/2020\/12\/escultura-160x160.jpg 160w\" sizes=\"(max-width: 475px) 100vw, 475px\" \/><\/div><\/div>\r\n\t\t<h3 class=\"product-name\">Se\u00f1alizaci\u00f3n<\/h3>\t\t\t<\/a>\r\n\t<\/div>\r\n\r\n\r\n\r\n<div class=\"archive-listing product-3096 classic-grid publish no-price first\">\r\n\t<a href=\"https:\/\/www.frepat.com\/es\/equipments\/signastop-2\/\">\r\n\t\t<div class=\"classic-grid-image-wrapper\"><div class=\"pseudo\"><\/div><div class=\"image\"><img width=\"600\" height=\"467\" src=\"https:\/\/www.frepat.com\/es\/wp-content\/uploads\/sites\/3\/2020\/12\/STOP_test221C2_-600x467.jpg\" class=\"classic-grid-image\" alt=\"SIGNASTOP\" decoding=\"async\" srcset=\"https:\/\/www.frepat.com\/es\/wp-content\/uploads\/sites\/3\/2020\/12\/STOP_test221C2_-600x467.jpg 600w, https:\/\/www.frepat.com\/es\/wp-content\/uploads\/sites\/3\/2020\/12\/STOP_test221C2_-300x233.jpg 300w, https:\/\/www.frepat.com\/es\/wp-content\/uploads\/sites\/3\/2020\/12\/STOP_test221C2_-768x597.jpg 768w, https:\/\/www.frepat.com\/es\/wp-content\/uploads\/sites\/3\/2020\/12\/STOP_test221C2_-206x160.jpg 206w, https:\/\/www.frepat.com\/es\/wp-content\/uploads\/sites\/3\/2020\/12\/STOP_test221C2_.jpg 900w\" sizes=\"(max-width: 600px) 100vw, 600px\" \/><\/div><\/div>\r\n\t\t<h3 class=\"product-name\">SIGNASTOP<\/h3>\t\t\t<\/a>\r\n\t<\/div>\r\n\r\n<div style=\"clear:both\"><\/div><\/div>\n\n\n<p><\/p>\n","protected":false},"excerpt":{"rendered":"","protected":false},"author":1,"featured_media":0,"parent":0,"menu_order":0,"comment_status":"closed","ping_status":"closed","template":"","meta":{"neve_meta_sidebar":"full-width","neve_meta_container":"","neve_meta_enable_content_width":"on","neve_meta_content_width":80,"neve_meta_title_alignment":"","neve_meta_author_avatar":"","neve_post_elements_order":"","neve_meta_disable_header":"","neve_meta_disable_footer":"","neve_meta_disable_title":"","_themeisle_gutenberg_block_has_review":false},"yoast_head":"<!-- This site is optimized with the Yoast SEO plugin v20.3 - https:\/\/yoast.com\/wordpress\/plugins\/seo\/ -->\n<title>FREPAT &ndash; SE\u00d1ALIZACI\u00d3N Y OTROS<\/title>\n<meta name=\"description\" content=\"Destaca tu marca con se\u00f1alizaci\u00f3n y productos personalizados de alta calidad para mejorar la experiencia de tus clientes.\" \/>\n<meta name=\"robots\" content=\"index, follow, max-snippet:-1, max-image-preview:large, max-video-preview:-1\" \/>\n<link rel=\"canonical\" href=\"https:\/\/www.frepat.com\/es\/senalizacion-y-otros\/\" \/>\n<meta property=\"og:locale\" content=\"es_ES\" \/>\n<meta property=\"og:type\" content=\"article\" \/>\n<meta property=\"og:title\" content=\"FREPAT &ndash; SE\u00d1ALIZACI\u00d3N Y OTROS\" \/>\n<meta property=\"og:description\" content=\"Destaca tu marca con se\u00f1alizaci\u00f3n y productos personalizados de alta calidad para mejorar la experiencia de tus clientes.\" \/>\n<meta property=\"og:url\" content=\"https:\/\/www.frepat.com\/es\/senalizacion-y-otros\/\" \/>\n<meta property=\"og:site_name\" content=\"Frepat Urban, Mobiliario Urbano\" \/>\n<meta property=\"article:publisher\" content=\"https:\/\/www.facebook.com\/frepaturban\/\" \/>\n<meta property=\"article:modified_time\" content=\"2023-03-28T10:20:58+00:00\" \/>\n<meta property=\"og:image\" content=\"https:\/\/www.frepat.com\/es\/wp-content\/uploads\/sites\/3\/2023\/03\/cropped-FREPAT_LCMYK-3.jpg\" \/>\n\t<meta property=\"og:image:width\" content=\"512\" \/>\n\t<meta property=\"og:image:height\" content=\"512\" \/>\n\t<meta property=\"og:image:type\" content=\"image\/jpeg\" \/>\n<meta name=\"twitter:card\" content=\"summary_large_image\" \/>\n<script type=\"application\/ld+json\" class=\"yoast-schema-graph\">{\"@context\":\"https:\/\/schema.org\",\"@graph\":[{\"@type\":\"WebPage\",\"@id\":\"https:\/\/www.frepat.com\/es\/senalizacion-y-otros\/\",\"url\":\"https:\/\/www.frepat.com\/es\/senalizacion-y-otros\/\",\"name\":\"FREPAT &ndash; SE\u00d1ALIZACI\u00d3N Y OTROS\",\"isPartOf\":{\"@id\":\"https:\/\/www.frepat.com\/es\/#website\"},\"datePublished\":\"2020-12-09T16:18:25+00:00\",\"dateModified\":\"2023-03-28T10:20:58+00:00\",\"description\":\"Destaca tu marca con se\u00f1alizaci\u00f3n y productos personalizados de alta calidad para mejorar la experiencia de tus clientes.\",\"breadcrumb\":{\"@id\":\"https:\/\/www.frepat.com\/es\/senalizacion-y-otros\/#breadcrumb\"},\"inLanguage\":\"es\",\"potentialAction\":[{\"@type\":\"ReadAction\",\"target\":[\"https:\/\/www.frepat.com\/es\/senalizacion-y-otros\/\"]}]},{\"@type\":\"BreadcrumbList\",\"@id\":\"https:\/\/www.frepat.com\/es\/senalizacion-y-otros\/#breadcrumb\",\"itemListElement\":[{\"@type\":\"ListItem\",\"position\":1,\"name\":\"Portada\",\"item\":\"https:\/\/www.frepat.com\/es\/\"},{\"@type\":\"ListItem\",\"position\":2,\"name\":\"SE\u00d1ALIZACI\u00d3N Y OTROS\"}]},{\"@type\":\"WebSite\",\"@id\":\"https:\/\/www.frepat.com\/es\/#website\",\"url\":\"https:\/\/www.frepat.com\/es\/\",\"name\":\"FREPAT URBAN EQUIPMENT\",\"description\":\"Frepat Urban Mobiliario urbano con bancos urbanos, papeleras de exterior, bancos y mesas urbanos, aparca bicis, jardineras.\",\"publisher\":{\"@id\":\"https:\/\/www.frepat.com\/es\/#organization\"},\"alternateName\":\"FREPAT\",\"potentialAction\":[{\"@type\":\"SearchAction\",\"target\":{\"@type\":\"EntryPoint\",\"urlTemplate\":\"https:\/\/www.frepat.com\/es\/?s={search_term_string}\"},\"query-input\":\"required name=search_term_string\"}],\"inLanguage\":\"es\"},{\"@type\":\"Organization\",\"@id\":\"https:\/\/www.frepat.com\/es\/#organization\",\"name\":\"FREPAT URBAN EQUIPMENT\",\"alternateName\":\"FREPAT\",\"url\":\"https:\/\/www.frepat.com\/es\/\",\"logo\":{\"@type\":\"ImageObject\",\"inLanguage\":\"es\",\"@id\":\"https:\/\/www.frepat.com\/es\/#\/schema\/logo\/image\/\",\"url\":\"http:\/\/www.frepat.com\/es\/wp-content\/uploads\/sites\/3\/2023\/03\/cropped-FREPAT_LCMYK-3.jpg\",\"contentUrl\":\"http:\/\/www.frepat.com\/es\/wp-content\/uploads\/sites\/3\/2023\/03\/cropped-FREPAT_LCMYK-3.jpg\",\"width\":512,\"height\":512,\"caption\":\"FREPAT URBAN EQUIPMENT\"},\"image\":{\"@id\":\"https:\/\/www.frepat.com\/es\/#\/schema\/logo\/image\/\"},\"sameAs\":[\"https:\/\/www.facebook.com\/frepaturban\/\",\"https:\/\/www.instagram.com\/frepat_urban_equipment\"]}]}<\/script>\n<!-- \/ Yoast SEO plugin. -->","yoast_head_json":{"title":"FREPAT &ndash; SE\u00d1ALIZACI\u00d3N Y OTROS","description":"Destaca tu marca con se\u00f1alizaci\u00f3n y productos personalizados de alta calidad para mejorar la experiencia de tus clientes.","robots":{"index":"index","follow":"follow","max-snippet":"max-snippet:-1","max-image-preview":"max-image-preview:large","max-video-preview":"max-video-preview:-1"},"canonical":"https:\/\/www.frepat.com\/es\/senalizacion-y-otros\/","og_locale":"es_ES","og_type":"article","og_title":"FREPAT &ndash; SE\u00d1ALIZACI\u00d3N Y OTROS","og_description":"Destaca tu marca con se\u00f1alizaci\u00f3n y productos personalizados de alta calidad para mejorar la experiencia de tus clientes.","og_url":"https:\/\/www.frepat.com\/es\/senalizacion-y-otros\/","og_site_name":"Frepat Urban, Mobiliario Urbano","article_publisher":"https:\/\/www.facebook.com\/frepaturban\/","article_modified_time":"2023-03-28T10:20:58+00:00","og_image":[{"width":512,"height":512,"url":"https:\/\/www.frepat.com\/es\/wp-content\/uploads\/sites\/3\/2023\/03\/cropped-FREPAT_LCMYK-3.jpg","type":"image\/jpeg"}],"twitter_card":"summary_large_image","schema":{"@context":"https:\/\/schema.org","@graph":[{"@type":"WebPage","@id":"https:\/\/www.frepat.com\/es\/senalizacion-y-otros\/","url":"https:\/\/www.frepat.com\/es\/senalizacion-y-otros\/","name":"FREPAT &ndash; SE\u00d1ALIZACI\u00d3N Y OTROS","isPartOf":{"@id":"https:\/\/www.frepat.com\/es\/#website"},"datePublished":"2020-12-09T16:18:25+00:00","dateModified":"2023-03-28T10:20:58+00:00","description":"Destaca tu marca con se\u00f1alizaci\u00f3n y productos personalizados de alta calidad para mejorar la experiencia de tus clientes.","breadcrumb":{"@id":"https:\/\/www.frepat.com\/es\/senalizacion-y-otros\/#breadcrumb"},"inLanguage":"es","potentialAction":[{"@type":"ReadAction","target":["https:\/\/www.frepat.com\/es\/senalizacion-y-otros\/"]}]},{"@type":"BreadcrumbList","@id":"https:\/\/www.frepat.com\/es\/senalizacion-y-otros\/#breadcrumb","itemListElement":[{"@type":"ListItem","position":1,"name":"Portada","item":"https:\/\/www.frepat.com\/es\/"},{"@type":"ListItem","position":2,"name":"SE\u00d1ALIZACI\u00d3N Y OTROS"}]},{"@type":"WebSite","@id":"https:\/\/www.frepat.com\/es\/#website","url":"https:\/\/www.frepat.com\/es\/","name":"FREPAT URBAN EQUIPMENT","description":"Frepat Urban Mobiliario urbano con bancos urbanos, papeleras de exterior, bancos y mesas urbanos, aparca bicis, jardineras.","publisher":{"@id":"https:\/\/www.frepat.com\/es\/#organization"},"alternateName":"FREPAT","potentialAction":[{"@type":"SearchAction","target":{"@type":"EntryPoint","urlTemplate":"https:\/\/www.frepat.com\/es\/?s={search_term_string}"},"query-input":"required name=search_term_string"}],"inLanguage":"es"},{"@type":"Organization","@id":"https:\/\/www.frepat.com\/es\/#organization","name":"FREPAT URBAN EQUIPMENT","alternateName":"FREPAT","url":"https:\/\/www.frepat.com\/es\/","logo":{"@type":"ImageObject","inLanguage":"es","@id":"https:\/\/www.frepat.com\/es\/#\/schema\/logo\/image\/","url":"http:\/\/www.frepat.com\/es\/wp-content\/uploads\/sites\/3\/2023\/03\/cropped-FREPAT_LCMYK-3.jpg","contentUrl":"http:\/\/www.frepat.com\/es\/wp-content\/uploads\/sites\/3\/2023\/03\/cropped-FREPAT_LCMYK-3.jpg","width":512,"height":512,"caption":"FREPAT URBAN EQUIPMENT"},"image":{"@id":"https:\/\/www.frepat.com\/es\/#\/schema\/logo\/image\/"},"sameAs":["https:\/\/www.facebook.com\/frepaturban\/","https:\/\/www.instagram.com\/frepat_urban_equipment"]}]}},"_links":{"self":[{"href":"https:\/\/www.frepat.com\/es\/wp-json\/wp\/v2\/pages\/346"}],"collection":[{"href":"https:\/\/www.frepat.com\/es\/wp-json\/wp\/v2\/pages"}],"about":[{"href":"https:\/\/www.frepat.com\/es\/wp-json\/wp\/v2\/types\/page"}],"author":[{"embeddable":true,"href":"https:\/\/www.frepat.com\/es\/wp-json\/wp\/v2\/users\/1"}],"replies":[{"embeddable":true,"href":"https:\/\/www.frepat.com\/es\/wp-json\/wp\/v2\/comments?post=346"}],"version-history":[{"count":5,"href":"https:\/\/www.frepat.com\/es\/wp-json\/wp\/v2\/pages\/346\/revisions"}],"predecessor-version":[{"id":5751,"href":"https:\/\/www.frepat.com\/es\/wp-json\/wp\/v2\/pages\/346\/revisions\/5751"}],"wp:attachment":[{"href":"https:\/\/www.frepat.com\/es\/wp-json\/wp\/v2\/media?parent=346"}],"curies":[{"name":"wp","href":"https:\/\/api.w.org\/{rel}","templated":true}]}}