{"id":339,"date":"2020-12-09T17:17:03","date_gmt":"2020-12-09T16:17:03","guid":{"rendered":"http:\/\/www.frepat.com\/es\/smart-furniture\/"},"modified":"2023-09-20T15:04:39","modified_gmt":"2023-09-20T13:04:39","slug":"mobiliairio-inteligente","status":"publish","type":"page","link":"https:\/\/www.frepat.com\/es\/mobiliairio-inteligente\/","title":{"rendered":"MOBILIARIO INTELIGENTE"},"content":{"rendered":"\n<div class=\"is-layout-flow wp-block-group\"><div class=\"wp-block-group__inner-container\"><\/div><\/div>\n\n\n<style>.product-list .classic-grid.archive-listing{width:23.865%;}@media (max-width: 950px) and (min-width: 600px) {.responsive .archive-listing.last, .responsive .archive-listing.first { clear: none;margin-right: 1.5%;}.responsive .classic-grid.archive-listing, .responsive .classic-grid.archive-listing.last { width: 31%; }.responsive .classic-grid.archive-listing:nth-child(3n + 1) { clear: left; }}.product-subcategories .classic-grid.archive-listing{width:23.865%;}@media (max-width: 950px) and (min-width: 600px) {.responsive.product-subcategories .classic-grid.archive-listing { width: 31%;  }}<\/style><div class=\"product-list responsive grid \"  data-ic_ajax_query='{\"post_type\":\"al_product\",\"tax_query\":[{\"taxonomy\":\"al_product-cat\",\"field\":\"term_id\",\"terms\":[\"12\"]}],\"posts_per_page\":50,\"orderby\":\"title\",\"order\":\"ASC\",\"archive_template\":\"grid\"}'>\r\n\r\n<div class=\"archive-listing product-457 classic-grid publish no-price first\">\r\n\t<a href=\"https:\/\/www.frepat.com\/es\/equipments\/banc-parasol-cercle\/\">\r\n\t\t<div class=\"classic-grid-image-wrapper\"><div class=\"pseudo\"><\/div><div class=\"image\"><img width=\"600\" height=\"600\" src=\"https:\/\/www.frepat.com\/es\/wp-content\/uploads\/sites\/3\/2020\/12\/CERCLE.jpg\" class=\"classic-grid-image\" alt=\"CERCLE : BANCO &#038; MESA\" decoding=\"async\" srcset=\"https:\/\/www.frepat.com\/es\/wp-content\/uploads\/sites\/3\/2020\/12\/CERCLE.jpg 600w, https:\/\/www.frepat.com\/es\/wp-content\/uploads\/sites\/3\/2020\/12\/CERCLE-300x300.jpg 300w, https:\/\/www.frepat.com\/es\/wp-content\/uploads\/sites\/3\/2020\/12\/CERCLE-150x150.jpg 150w, https:\/\/www.frepat.com\/es\/wp-content\/uploads\/sites\/3\/2020\/12\/CERCLE-160x160.jpg 160w\" sizes=\"(max-width: 600px) 100vw, 600px\" \/><\/div><\/div>\r\n\t\t<h3 class=\"product-name\">CERCLE : BANCO &#038; MESA<\/h3>\t\t\t<\/a>\r\n\t<\/div>\r\n\r\n\r\n\r\n<div class=\"archive-listing product-440 classic-grid publish no-price middle\">\r\n\t<a href=\"https:\/\/www.frepat.com\/es\/equipments\/banc-haya-2\/\">\r\n\t\t<div class=\"classic-grid-image-wrapper\"><div class=\"pseudo\"><\/div><div class=\"image\"><img width=\"450\" height=\"450\" src=\"https:\/\/www.frepat.com\/es\/wp-content\/uploads\/sites\/3\/2020\/12\/S-HAYA.jpg\" class=\"classic-grid-image\" alt=\"HAYA : BANCO\" decoding=\"async\" srcset=\"https:\/\/www.frepat.com\/es\/wp-content\/uploads\/sites\/3\/2020\/12\/S-HAYA.jpg 450w, https:\/\/www.frepat.com\/es\/wp-content\/uploads\/sites\/3\/2020\/12\/S-HAYA-300x300.jpg 300w, https:\/\/www.frepat.com\/es\/wp-content\/uploads\/sites\/3\/2020\/12\/S-HAYA-150x150.jpg 150w, https:\/\/www.frepat.com\/es\/wp-content\/uploads\/sites\/3\/2020\/12\/S-HAYA-160x160.jpg 160w\" sizes=\"(max-width: 450px) 100vw, 450px\" \/><\/div><\/div>\r\n\t\t<h3 class=\"product-name\">HAYA : BANCO<\/h3>\t\t\t<\/a>\r\n\t<\/div>\r\n\r\n\r\n\r\n<div class=\"archive-listing product-3233 classic-grid publish no-price middle\">\r\n\t<a href=\"https:\/\/www.frepat.com\/es\/equipments\/modulo-bancos-jardinera\/\">\r\n\t\t<div class=\"classic-grid-image-wrapper\"><div class=\"pseudo\"><\/div><div class=\"image\"><img width=\"600\" height=\"600\" src=\"https:\/\/www.frepat.com\/es\/wp-content\/uploads\/sites\/3\/2021\/05\/BCJA-MOD.jpg\" class=\"classic-grid-image\" alt=\"MODULO : BANCOS &#038; JARDINERAS\" decoding=\"async\" srcset=\"https:\/\/www.frepat.com\/es\/wp-content\/uploads\/sites\/3\/2021\/05\/BCJA-MOD.jpg 600w, https:\/\/www.frepat.com\/es\/wp-content\/uploads\/sites\/3\/2021\/05\/BCJA-MOD-300x300.jpg 300w, https:\/\/www.frepat.com\/es\/wp-content\/uploads\/sites\/3\/2021\/05\/BCJA-MOD-150x150.jpg 150w, https:\/\/www.frepat.com\/es\/wp-content\/uploads\/sites\/3\/2021\/05\/BCJA-MOD-160x160.jpg 160w\" sizes=\"(max-width: 600px) 100vw, 600px\" \/><\/div><\/div>\r\n\t\t<h3 class=\"product-name\">MODULO : BANCOS &#038; JARDINERAS<\/h3>\t\t\t<\/a>\r\n\t<\/div>\r\n\r\n\r\n\r\n<div class=\"archive-listing product-5405 classic-grid publish no-price last\">\r\n\t<a href=\"https:\/\/www.frepat.com\/es\/equipments\/modulo-bancos-jardineras-xl\/\">\r\n\t\t<div class=\"classic-grid-image-wrapper\"><div class=\"pseudo\"><\/div><div class=\"image\"><img width=\"600\" height=\"600\" src=\"https:\/\/www.frepat.com\/es\/wp-content\/uploads\/sites\/3\/2023\/02\/BC-MOD_xl.jpg\" class=\"classic-grid-image\" alt=\"MODULO : BANCOS &#038; JARDINERAS XL\" decoding=\"async\" srcset=\"https:\/\/www.frepat.com\/es\/wp-content\/uploads\/sites\/3\/2023\/02\/BC-MOD_xl.jpg 600w, https:\/\/www.frepat.com\/es\/wp-content\/uploads\/sites\/3\/2023\/02\/BC-MOD_xl-300x300.jpg 300w, https:\/\/www.frepat.com\/es\/wp-content\/uploads\/sites\/3\/2023\/02\/BC-MOD_xl-150x150.jpg 150w, https:\/\/www.frepat.com\/es\/wp-content\/uploads\/sites\/3\/2023\/02\/BC-MOD_xl-160x160.jpg 160w\" sizes=\"(max-width: 600px) 100vw, 600px\" \/><\/div><\/div>\r\n\t\t<h3 class=\"product-name\">MODULO : BANCOS &#038; JARDINERAS XL<\/h3>\t\t\t<\/a>\r\n\t<\/div>\r\n\r\n\r\n\r\n<div class=\"archive-listing product-4065 classic-grid publish no-price first\">\r\n\t<a href=\"https:\/\/www.frepat.com\/es\/equipments\/palma-madera-bancos\/\">\r\n\t\t<div class=\"classic-grid-image-wrapper\"><div class=\"pseudo\"><\/div><div class=\"image\"><img width=\"450\" height=\"450\" src=\"https:\/\/www.frepat.com\/es\/wp-content\/uploads\/sites\/3\/2020\/12\/S-PALMA.jpg\" class=\"classic-grid-image\" alt=\"PALMA MADERA : BANCO &#038; MESA\" decoding=\"async\" srcset=\"https:\/\/www.frepat.com\/es\/wp-content\/uploads\/sites\/3\/2020\/12\/S-PALMA.jpg 450w, https:\/\/www.frepat.com\/es\/wp-content\/uploads\/sites\/3\/2020\/12\/S-PALMA-300x300.jpg 300w, https:\/\/www.frepat.com\/es\/wp-content\/uploads\/sites\/3\/2020\/12\/S-PALMA-150x150.jpg 150w, https:\/\/www.frepat.com\/es\/wp-content\/uploads\/sites\/3\/2020\/12\/S-PALMA-160x160.jpg 160w\" sizes=\"(max-width: 450px) 100vw, 450px\" \/><\/div><\/div>\r\n\t\t<h3 class=\"product-name\">PALMA MADERA : BANCO &#038; MESA<\/h3>\t\t\t<\/a>\r\n\t<\/div>\r\n\r\n\r\n\r\n<div class=\"archive-listing product-596 classic-grid publish no-price middle\">\r\n\t<a href=\"https:\/\/www.frepat.com\/es\/equipments\/patbois-usb\/\">\r\n\t\t<div class=\"classic-grid-image-wrapper\"><div class=\"pseudo\"><\/div><div class=\"image\"><img width=\"450\" height=\"450\" src=\"https:\/\/www.frepat.com\/es\/wp-content\/uploads\/sites\/3\/2020\/12\/BC-PATv2_USB-001-1.jpg\" class=\"classic-grid-image\" alt=\"PATBOIS USB : BANCO &#038; MESA\" decoding=\"async\" srcset=\"https:\/\/www.frepat.com\/es\/wp-content\/uploads\/sites\/3\/2020\/12\/BC-PATv2_USB-001-1.jpg 450w, https:\/\/www.frepat.com\/es\/wp-content\/uploads\/sites\/3\/2020\/12\/BC-PATv2_USB-001-1-300x300.jpg 300w, https:\/\/www.frepat.com\/es\/wp-content\/uploads\/sites\/3\/2020\/12\/BC-PATv2_USB-001-1-150x150.jpg 150w, https:\/\/www.frepat.com\/es\/wp-content\/uploads\/sites\/3\/2020\/12\/BC-PATv2_USB-001-1-160x160.jpg 160w\" sizes=\"(max-width: 450px) 100vw, 450px\" \/><\/div><\/div>\r\n\t\t<h3 class=\"product-name\">PATBOIS USB : BANCO &#038; MESA<\/h3>\t\t\t<\/a>\r\n\t<\/div>\r\n\r\n\r\n\r\n<div class=\"archive-listing product-584 classic-grid publish no-price middle\">\r\n\t<a href=\"https:\/\/www.frepat.com\/es\/equipments\/versailles\/\">\r\n\t\t<div class=\"classic-grid-image-wrapper\"><div class=\"pseudo\"><\/div><div class=\"image\"><img width=\"450\" height=\"450\" src=\"https:\/\/www.frepat.com\/es\/wp-content\/uploads\/sites\/3\/2020\/12\/S-VERSAILLES.jpg\" class=\"classic-grid-image\" alt=\"PATBOIS VERSAILLES : BANCOS\" decoding=\"async\" srcset=\"https:\/\/www.frepat.com\/es\/wp-content\/uploads\/sites\/3\/2020\/12\/S-VERSAILLES.jpg 450w, https:\/\/www.frepat.com\/es\/wp-content\/uploads\/sites\/3\/2020\/12\/S-VERSAILLES-300x300.jpg 300w, https:\/\/www.frepat.com\/es\/wp-content\/uploads\/sites\/3\/2020\/12\/S-VERSAILLES-150x150.jpg 150w, https:\/\/www.frepat.com\/es\/wp-content\/uploads\/sites\/3\/2020\/12\/S-VERSAILLES-160x160.jpg 160w\" sizes=\"(max-width: 450px) 100vw, 450px\" \/><\/div><\/div>\r\n\t\t<h3 class=\"product-name\">PATBOIS VERSAILLES : BANCOS<\/h3>\t\t\t<\/a>\r\n\t<\/div>\r\n\r\n\r\n\r\n<div class=\"archive-listing product-3277 classic-grid publish no-price last\">\r\n\t<a href=\"https:\/\/www.frepat.com\/es\/equipments\/puf-b-charge\/\">\r\n\t\t<div class=\"classic-grid-image-wrapper\"><div class=\"pseudo\"><\/div><div class=\"image\"><img width=\"600\" height=\"600\" src=\"https:\/\/www.frepat.com\/es\/wp-content\/uploads\/sites\/3\/2021\/05\/TA-POUF-S-600x600.jpg\" class=\"classic-grid-image\" alt=\"POUF B-CHARGE SOLAR\" decoding=\"async\" srcset=\"https:\/\/www.frepat.com\/es\/wp-content\/uploads\/sites\/3\/2021\/05\/TA-POUF-S-600x600.jpg 600w, https:\/\/www.frepat.com\/es\/wp-content\/uploads\/sites\/3\/2021\/05\/TA-POUF-S-300x300.jpg 300w, https:\/\/www.frepat.com\/es\/wp-content\/uploads\/sites\/3\/2021\/05\/TA-POUF-S-150x150.jpg 150w, https:\/\/www.frepat.com\/es\/wp-content\/uploads\/sites\/3\/2021\/05\/TA-POUF-S-768x768.jpg 768w, https:\/\/www.frepat.com\/es\/wp-content\/uploads\/sites\/3\/2021\/05\/TA-POUF-S-160x160.jpg 160w, https:\/\/www.frepat.com\/es\/wp-content\/uploads\/sites\/3\/2021\/05\/TA-POUF-S.jpg 1000w\" sizes=\"(max-width: 600px) 100vw, 600px\" \/><\/div><\/div>\r\n\t\t<h3 class=\"product-name\">POUF B-CHARGE SOLAR<\/h3>\t\t\t<\/a>\r\n\t<\/div>\r\n\r\n\r\n\r\n<div class=\"archive-listing product-498 classic-grid publish no-price first\">\r\n\t<a href=\"https:\/\/www.frepat.com\/es\/equipments\/pouf-usb\/\">\r\n\t\t<div class=\"classic-grid-image-wrapper\"><div class=\"pseudo\"><\/div><div class=\"image\"><img width=\"600\" height=\"600\" src=\"https:\/\/www.frepat.com\/es\/wp-content\/uploads\/sites\/3\/2020\/12\/POUF-U_.jpg\" class=\"classic-grid-image\" alt=\"POUF USB\" decoding=\"async\" srcset=\"https:\/\/www.frepat.com\/es\/wp-content\/uploads\/sites\/3\/2020\/12\/POUF-U_.jpg 600w, https:\/\/www.frepat.com\/es\/wp-content\/uploads\/sites\/3\/2020\/12\/POUF-U_-300x300.jpg 300w, https:\/\/www.frepat.com\/es\/wp-content\/uploads\/sites\/3\/2020\/12\/POUF-U_-150x150.jpg 150w, https:\/\/www.frepat.com\/es\/wp-content\/uploads\/sites\/3\/2020\/12\/POUF-U_-160x160.jpg 160w\" sizes=\"(max-width: 600px) 100vw, 600px\" \/><\/div><\/div>\r\n\t\t<h3 class=\"product-name\">POUF USB<\/h3>\t\t\t<\/a>\r\n\t<\/div>\r\n\r\n\r\n\r\n<div class=\"archive-listing product-4426 classic-grid publish no-price middle\">\r\n\t<a href=\"https:\/\/www.frepat.com\/es\/equipments\/sunset-bancos-mesa\/\">\r\n\t\t<div class=\"classic-grid-image-wrapper\"><div class=\"pseudo\"><\/div><div class=\"image\"><img width=\"600\" height=\"600\" src=\"https:\/\/www.frepat.com\/es\/wp-content\/uploads\/sites\/3\/2021\/10\/SUNSET2021-600x600.jpg\" class=\"classic-grid-image\" alt=\"SUNSET : BANCOS &#038; MESA\" decoding=\"async\" srcset=\"https:\/\/www.frepat.com\/es\/wp-content\/uploads\/sites\/3\/2021\/10\/SUNSET2021-600x600.jpg 600w, https:\/\/www.frepat.com\/es\/wp-content\/uploads\/sites\/3\/2021\/10\/SUNSET2021-300x300.jpg 300w, https:\/\/www.frepat.com\/es\/wp-content\/uploads\/sites\/3\/2021\/10\/SUNSET2021-150x150.jpg 150w, https:\/\/www.frepat.com\/es\/wp-content\/uploads\/sites\/3\/2021\/10\/SUNSET2021-768x767.jpg 768w, https:\/\/www.frepat.com\/es\/wp-content\/uploads\/sites\/3\/2021\/10\/SUNSET2021-160x160.jpg 160w, https:\/\/www.frepat.com\/es\/wp-content\/uploads\/sites\/3\/2021\/10\/SUNSET2021.jpg 1000w\" sizes=\"(max-width: 600px) 100vw, 600px\" \/><\/div><\/div>\r\n\t\t<h3 class=\"product-name\">SUNSET : BANCOS &#038; MESA<\/h3>\t\t\t<\/a>\r\n\t<\/div>\r\n\r\n\r\n\r\n<div class=\"archive-listing product-594 classic-grid publish no-price middle\">\r\n\t<a href=\"https:\/\/www.frepat.com\/es\/equipments\/unit\/\">\r\n\t\t<div class=\"classic-grid-image-wrapper\"><div class=\"pseudo\"><\/div><div class=\"image\"><img width=\"450\" height=\"450\" src=\"https:\/\/www.frepat.com\/es\/wp-content\/uploads\/sites\/3\/2020\/12\/S-UNIT.jpg\" class=\"classic-grid-image\" alt=\"UNIT : MESITAS DE RECARGA\" decoding=\"async\" srcset=\"https:\/\/www.frepat.com\/es\/wp-content\/uploads\/sites\/3\/2020\/12\/S-UNIT.jpg 450w, https:\/\/www.frepat.com\/es\/wp-content\/uploads\/sites\/3\/2020\/12\/S-UNIT-300x300.jpg 300w, https:\/\/www.frepat.com\/es\/wp-content\/uploads\/sites\/3\/2020\/12\/S-UNIT-150x150.jpg 150w, https:\/\/www.frepat.com\/es\/wp-content\/uploads\/sites\/3\/2020\/12\/S-UNIT-160x160.jpg 160w\" sizes=\"(max-width: 450px) 100vw, 450px\" \/><\/div><\/div>\r\n\t\t<h3 class=\"product-name\">UNIT : MESITAS DE RECARGA<\/h3>\t\t\t<\/a>\r\n\t<\/div>\r\n\r\n\r\n\r\n<div class=\"archive-listing product-2938 classic-grid publish no-price last\">\r\n\t<a href=\"https:\/\/www.frepat.com\/es\/equipments\/usb-borne-assise-debout\/\">\r\n\t\t<div class=\"classic-grid-image-wrapper\"><div class=\"pseudo\"><\/div><div class=\"image\"><img width=\"450\" height=\"450\" src=\"https:\/\/www.frepat.com\/es\/wp-content\/uploads\/sites\/3\/2021\/05\/S-UB_charge.jpg\" class=\"classic-grid-image\" alt=\"USB : PILONA ASSISE-DEBOUT\" decoding=\"async\" srcset=\"https:\/\/www.frepat.com\/es\/wp-content\/uploads\/sites\/3\/2021\/05\/S-UB_charge.jpg 450w, https:\/\/www.frepat.com\/es\/wp-content\/uploads\/sites\/3\/2021\/05\/S-UB_charge-300x300.jpg 300w, https:\/\/www.frepat.com\/es\/wp-content\/uploads\/sites\/3\/2021\/05\/S-UB_charge-150x150.jpg 150w, https:\/\/www.frepat.com\/es\/wp-content\/uploads\/sites\/3\/2021\/05\/S-UB_charge-160x160.jpg 160w\" sizes=\"(max-width: 450px) 100vw, 450px\" \/><\/div><\/div>\r\n\t\t<h3 class=\"product-name\">USB : PILONA ASSISE-DEBOUT<\/h3>\t\t\t<\/a>\r\n\t<\/div>\r\n\r\n\r\n\r\n<div class=\"archive-listing product-592 classic-grid publish no-price first\">\r\n\t<a href=\"https:\/\/www.frepat.com\/es\/equipments\/borne-usb\/\">\r\n\t\t<div class=\"classic-grid-image-wrapper\"><div class=\"pseudo\"><\/div><div class=\"image\"><img width=\"450\" height=\"450\" src=\"https:\/\/www.frepat.com\/es\/wp-content\/uploads\/sites\/3\/2020\/12\/IMG_1407A__small.jpg\" class=\"classic-grid-image\" alt=\"USB : PILONAS\" decoding=\"async\" srcset=\"https:\/\/www.frepat.com\/es\/wp-content\/uploads\/sites\/3\/2020\/12\/IMG_1407A__small.jpg 450w, https:\/\/www.frepat.com\/es\/wp-content\/uploads\/sites\/3\/2020\/12\/IMG_1407A__small-300x300.jpg 300w, https:\/\/www.frepat.com\/es\/wp-content\/uploads\/sites\/3\/2020\/12\/IMG_1407A__small-150x150.jpg 150w, https:\/\/www.frepat.com\/es\/wp-content\/uploads\/sites\/3\/2020\/12\/IMG_1407A__small-160x160.jpg 160w\" sizes=\"(max-width: 450px) 100vw, 450px\" \/><\/div><\/div>\r\n\t\t<h3 class=\"product-name\">USB : PILONAS<\/h3>\t\t\t<\/a>\r\n\t<\/div>\r\n\r\n<div style=\"clear:both\"><\/div><\/div>\n\n\n<p><\/p>\n","protected":false},"excerpt":{"rendered":"","protected":false},"author":1,"featured_media":340,"parent":0,"menu_order":0,"comment_status":"closed","ping_status":"closed","template":"","meta":{"neve_meta_sidebar":"full-width","neve_meta_container":"","neve_meta_enable_content_width":"on","neve_meta_content_width":90,"neve_meta_title_alignment":"left","neve_meta_author_avatar":"","neve_post_elements_order":"","neve_meta_disable_header":"off","neve_meta_disable_footer":"off","neve_meta_disable_title":"off","_themeisle_gutenberg_block_has_review":false},"yoast_head":"<!-- This site is optimized with the Yoast SEO plugin v20.3 - https:\/\/yoast.com\/wordpress\/plugins\/seo\/ -->\n<title>FREPAT &ndash; MOBILIARIO INTELIGENTE<\/title>\n<meta name=\"description\" content=\"Descubre la pr\u00f3xima generaci\u00f3n de mobiliario inteligente en nuestra web aprovecha al m\u00e1ximo tu espacio con nuestra selecci\u00f3n\" \/>\n<meta name=\"robots\" content=\"index, follow, max-snippet:-1, max-image-preview:large, max-video-preview:-1\" \/>\n<link rel=\"canonical\" href=\"https:\/\/www.frepat.com\/es\/mobiliairio-inteligente\/\" \/>\n<meta property=\"og:locale\" content=\"es_ES\" \/>\n<meta property=\"og:type\" content=\"article\" \/>\n<meta property=\"og:title\" content=\"FREPAT &ndash; MOBILIARIO INTELIGENTE\" \/>\n<meta property=\"og:description\" content=\"Descubre la pr\u00f3xima generaci\u00f3n de mobiliario inteligente en nuestra web aprovecha al m\u00e1ximo tu espacio con nuestra selecci\u00f3n\" \/>\n<meta property=\"og:url\" content=\"https:\/\/www.frepat.com\/es\/mobiliairio-inteligente\/\" \/>\n<meta property=\"og:site_name\" content=\"Frepat Urban, Mobiliario Urbano\" \/>\n<meta property=\"article:publisher\" content=\"https:\/\/www.facebook.com\/frepaturban\/\" \/>\n<meta property=\"article:modified_time\" content=\"2023-09-20T13:04:39+00:00\" \/>\n<meta property=\"og:image\" content=\"https:\/\/www.frepat.com\/es\/wp-content\/uploads\/sites\/3\/2020\/12\/materiau.jpg\" \/>\n\t<meta property=\"og:image:width\" content=\"600\" \/>\n\t<meta property=\"og:image:height\" content=\"600\" \/>\n\t<meta property=\"og:image:type\" content=\"image\/jpeg\" \/>\n<meta name=\"twitter:card\" content=\"summary_large_image\" \/>\n<script type=\"application\/ld+json\" class=\"yoast-schema-graph\">{\"@context\":\"https:\/\/schema.org\",\"@graph\":[{\"@type\":\"WebPage\",\"@id\":\"https:\/\/www.frepat.com\/es\/mobiliairio-inteligente\/\",\"url\":\"https:\/\/www.frepat.com\/es\/mobiliairio-inteligente\/\",\"name\":\"FREPAT &ndash; MOBILIARIO INTELIGENTE\",\"isPartOf\":{\"@id\":\"https:\/\/www.frepat.com\/es\/#website\"},\"datePublished\":\"2020-12-09T16:17:03+00:00\",\"dateModified\":\"2023-09-20T13:04:39+00:00\",\"description\":\"Descubre la pr\u00f3xima generaci\u00f3n de mobiliario inteligente en nuestra web aprovecha al m\u00e1ximo tu espacio con nuestra selecci\u00f3n\",\"breadcrumb\":{\"@id\":\"https:\/\/www.frepat.com\/es\/mobiliairio-inteligente\/#breadcrumb\"},\"inLanguage\":\"es\",\"potentialAction\":[{\"@type\":\"ReadAction\",\"target\":[\"https:\/\/www.frepat.com\/es\/mobiliairio-inteligente\/\"]}]},{\"@type\":\"BreadcrumbList\",\"@id\":\"https:\/\/www.frepat.com\/es\/mobiliairio-inteligente\/#breadcrumb\",\"itemListElement\":[{\"@type\":\"ListItem\",\"position\":1,\"name\":\"Portada\",\"item\":\"https:\/\/www.frepat.com\/es\/\"},{\"@type\":\"ListItem\",\"position\":2,\"name\":\"MOBILIARIO INTELIGENTE\"}]},{\"@type\":\"WebSite\",\"@id\":\"https:\/\/www.frepat.com\/es\/#website\",\"url\":\"https:\/\/www.frepat.com\/es\/\",\"name\":\"FREPAT URBAN EQUIPMENT\",\"description\":\"Frepat Urban Mobiliario urbano con bancos urbanos, papeleras de exterior, bancos y mesas urbanos, aparca bicis, jardineras.\",\"publisher\":{\"@id\":\"https:\/\/www.frepat.com\/es\/#organization\"},\"alternateName\":\"FREPAT\",\"potentialAction\":[{\"@type\":\"SearchAction\",\"target\":{\"@type\":\"EntryPoint\",\"urlTemplate\":\"https:\/\/www.frepat.com\/es\/?s={search_term_string}\"},\"query-input\":\"required name=search_term_string\"}],\"inLanguage\":\"es\"},{\"@type\":\"Organization\",\"@id\":\"https:\/\/www.frepat.com\/es\/#organization\",\"name\":\"FREPAT URBAN EQUIPMENT\",\"alternateName\":\"FREPAT\",\"url\":\"https:\/\/www.frepat.com\/es\/\",\"logo\":{\"@type\":\"ImageObject\",\"inLanguage\":\"es\",\"@id\":\"https:\/\/www.frepat.com\/es\/#\/schema\/logo\/image\/\",\"url\":\"http:\/\/www.frepat.com\/es\/wp-content\/uploads\/sites\/3\/2023\/03\/cropped-FREPAT_LCMYK-3.jpg\",\"contentUrl\":\"http:\/\/www.frepat.com\/es\/wp-content\/uploads\/sites\/3\/2023\/03\/cropped-FREPAT_LCMYK-3.jpg\",\"width\":512,\"height\":512,\"caption\":\"FREPAT URBAN EQUIPMENT\"},\"image\":{\"@id\":\"https:\/\/www.frepat.com\/es\/#\/schema\/logo\/image\/\"},\"sameAs\":[\"https:\/\/www.facebook.com\/frepaturban\/\",\"https:\/\/www.instagram.com\/frepat_urban_equipment\"]}]}<\/script>\n<!-- \/ Yoast SEO plugin. -->","yoast_head_json":{"title":"FREPAT &ndash; MOBILIARIO INTELIGENTE","description":"Descubre la pr\u00f3xima generaci\u00f3n de mobiliario inteligente en nuestra web aprovecha al m\u00e1ximo tu espacio con nuestra selecci\u00f3n","robots":{"index":"index","follow":"follow","max-snippet":"max-snippet:-1","max-image-preview":"max-image-preview:large","max-video-preview":"max-video-preview:-1"},"canonical":"https:\/\/www.frepat.com\/es\/mobiliairio-inteligente\/","og_locale":"es_ES","og_type":"article","og_title":"FREPAT &ndash; MOBILIARIO INTELIGENTE","og_description":"Descubre la pr\u00f3xima generaci\u00f3n de mobiliario inteligente en nuestra web aprovecha al m\u00e1ximo tu espacio con nuestra selecci\u00f3n","og_url":"https:\/\/www.frepat.com\/es\/mobiliairio-inteligente\/","og_site_name":"Frepat Urban, Mobiliario Urbano","article_publisher":"https:\/\/www.facebook.com\/frepaturban\/","article_modified_time":"2023-09-20T13:04:39+00:00","og_image":[{"width":600,"height":600,"url":"https:\/\/www.frepat.com\/es\/wp-content\/uploads\/sites\/3\/2020\/12\/materiau.jpg","type":"image\/jpeg"}],"twitter_card":"summary_large_image","schema":{"@context":"https:\/\/schema.org","@graph":[{"@type":"WebPage","@id":"https:\/\/www.frepat.com\/es\/mobiliairio-inteligente\/","url":"https:\/\/www.frepat.com\/es\/mobiliairio-inteligente\/","name":"FREPAT &ndash; MOBILIARIO INTELIGENTE","isPartOf":{"@id":"https:\/\/www.frepat.com\/es\/#website"},"datePublished":"2020-12-09T16:17:03+00:00","dateModified":"2023-09-20T13:04:39+00:00","description":"Descubre la pr\u00f3xima generaci\u00f3n de mobiliario inteligente en nuestra web aprovecha al m\u00e1ximo tu espacio con nuestra selecci\u00f3n","breadcrumb":{"@id":"https:\/\/www.frepat.com\/es\/mobiliairio-inteligente\/#breadcrumb"},"inLanguage":"es","potentialAction":[{"@type":"ReadAction","target":["https:\/\/www.frepat.com\/es\/mobiliairio-inteligente\/"]}]},{"@type":"BreadcrumbList","@id":"https:\/\/www.frepat.com\/es\/mobiliairio-inteligente\/#breadcrumb","itemListElement":[{"@type":"ListItem","position":1,"name":"Portada","item":"https:\/\/www.frepat.com\/es\/"},{"@type":"ListItem","position":2,"name":"MOBILIARIO INTELIGENTE"}]},{"@type":"WebSite","@id":"https:\/\/www.frepat.com\/es\/#website","url":"https:\/\/www.frepat.com\/es\/","name":"FREPAT URBAN EQUIPMENT","description":"Frepat Urban Mobiliario urbano con bancos urbanos, papeleras de exterior, bancos y mesas urbanos, aparca bicis, jardineras.","publisher":{"@id":"https:\/\/www.frepat.com\/es\/#organization"},"alternateName":"FREPAT","potentialAction":[{"@type":"SearchAction","target":{"@type":"EntryPoint","urlTemplate":"https:\/\/www.frepat.com\/es\/?s={search_term_string}"},"query-input":"required name=search_term_string"}],"inLanguage":"es"},{"@type":"Organization","@id":"https:\/\/www.frepat.com\/es\/#organization","name":"FREPAT URBAN EQUIPMENT","alternateName":"FREPAT","url":"https:\/\/www.frepat.com\/es\/","logo":{"@type":"ImageObject","inLanguage":"es","@id":"https:\/\/www.frepat.com\/es\/#\/schema\/logo\/image\/","url":"http:\/\/www.frepat.com\/es\/wp-content\/uploads\/sites\/3\/2023\/03\/cropped-FREPAT_LCMYK-3.jpg","contentUrl":"http:\/\/www.frepat.com\/es\/wp-content\/uploads\/sites\/3\/2023\/03\/cropped-FREPAT_LCMYK-3.jpg","width":512,"height":512,"caption":"FREPAT URBAN EQUIPMENT"},"image":{"@id":"https:\/\/www.frepat.com\/es\/#\/schema\/logo\/image\/"},"sameAs":["https:\/\/www.facebook.com\/frepaturban\/","https:\/\/www.instagram.com\/frepat_urban_equipment"]}]}},"_links":{"self":[{"href":"https:\/\/www.frepat.com\/es\/wp-json\/wp\/v2\/pages\/339"}],"collection":[{"href":"https:\/\/www.frepat.com\/es\/wp-json\/wp\/v2\/pages"}],"about":[{"href":"https:\/\/www.frepat.com\/es\/wp-json\/wp\/v2\/types\/page"}],"author":[{"embeddable":true,"href":"https:\/\/www.frepat.com\/es\/wp-json\/wp\/v2\/users\/1"}],"replies":[{"embeddable":true,"href":"https:\/\/www.frepat.com\/es\/wp-json\/wp\/v2\/comments?post=339"}],"version-history":[{"count":21,"href":"https:\/\/www.frepat.com\/es\/wp-json\/wp\/v2\/pages\/339\/revisions"}],"predecessor-version":[{"id":6260,"href":"https:\/\/www.frepat.com\/es\/wp-json\/wp\/v2\/pages\/339\/revisions\/6260"}],"wp:featuredmedia":[{"embeddable":true,"href":"https:\/\/www.frepat.com\/es\/wp-json\/wp\/v2\/media\/340"}],"wp:attachment":[{"href":"https:\/\/www.frepat.com\/es\/wp-json\/wp\/v2\/media?parent=339"}],"curies":[{"name":"wp","href":"https:\/\/api.w.org\/{rel}","templated":true}]}}